{"id":5068,"date":"2023-10-11T15:18:59","date_gmt":"2023-10-11T15:18:59","guid":{"rendered":"https:\/\/solara.ee\/pood\/helioux-itseruskettavat-tipat-hyaluronihapolla\/"},"modified":"2026-04-06T11:45:38","modified_gmt":"2026-04-06T08:45:38","slug":"helioux-itseruskettavat-tipat-hyaluronihapolla","status":"publish","type":"product","link":"https:\/\/solara.ee\/fi\/pood\/helioux-itseruskettavat-tipat-hyaluronihapolla\/","title":{"rendered":"HELIOUX ITSERUSKETTAVAT TIPAT HYALURONIHAPOLLA"},"content":{"rendered":"<p><strong>K\u00c4YTT\u00d6OHJE:<\/strong><\/p>\n<ol>\n<li>Lis\u00e4\u00e4 2-4 tippaa suosikkikasvovoiteeseesi tai -seerumiisi.<\/li>\n<li>Sekoita hyvin ja levit\u00e4 tasaisesti puhtaille kasvoille ja kaulalle.<\/li>\n<li>Voit my\u00f6s levitt\u00e4\u00e4 tipat suoraan iholle ja h\u00e4ivytt\u00e4\u00e4 sormenp\u00e4ill\u00e4.<\/li>\n<li>Pese k\u00e4det levityksen j\u00e4lkeen.<\/li>\n<li>Tummemman s\u00e4vyn saavuttamiseksi lis\u00e4\u00e4 tippoja asteittain.<\/li>\n<\/ol>\n","protected":false},"excerpt":{"rendered":"<p>Helioux itseruskettavat tipat hyaluronihapolla antavat kasvoille luonnollisen ja s\u00e4teilevan hehkun samalla syv\u00e4kosteuttaen ihoa.<\/p>\n<p>Lis\u00e4\u00e4 vain muutama tippa kasvovoiteeseesi ja nauti kauniista hehkusta ilman auringon haittavaikutuksia.<\/p>\n<p>Hyaluronihappo kosteuttaa ihoa syv\u00e4lt\u00e4 ja auttaa s\u00e4ilytt\u00e4m\u00e4\u00e4n ihon nuorekkuuden.<\/p>\n<p>Vegaaninen ja el\u00e4inkokeilematon.<\/p>\n","protected":false},"featured_media":5069,"comment_status":"open","ping_status":"closed","template":"","meta":{"_seopress_robots_primary_cat":"none","_seopress_titles_title":"","_seopress_titles_desc":"","_seopress_robots_index":"","_gspb_post_css":""},"product_brand":[],"product_cat":[58],"product_tag":[],"class_list":{"0":"post-5068","1":"product","2":"type-product","3":"status-publish","4":"has-post-thumbnail","6":"product_cat-vaahdot","8":"first","9":"instock","10":"taxable","11":"shipping-taxable","12":"purchasable","13":"product-type-simple"},"_links":{"self":[{"href":"https:\/\/solara.ee\/fi\/wp-json\/wp\/v2\/product\/5068","targetHints":{"allow":["GET"]}}],"collection":[{"href":"https:\/\/solara.ee\/fi\/wp-json\/wp\/v2\/product"}],"about":[{"href":"https:\/\/solara.ee\/fi\/wp-json\/wp\/v2\/types\/product"}],"replies":[{"embeddable":true,"href":"https:\/\/solara.ee\/fi\/wp-json\/wp\/v2\/comments?post=5068"}],"wp:featuredmedia":[{"embeddable":true,"href":"https:\/\/solara.ee\/fi\/wp-json\/wp\/v2\/media\/5069"}],"wp:attachment":[{"href":"https:\/\/solara.ee\/fi\/wp-json\/wp\/v2\/media?parent=5068"}],"wp:term":[{"taxonomy":"product_brand","embeddable":true,"href":"https:\/\/solara.ee\/fi\/wp-json\/wp\/v2\/product_brand?post=5068"},{"taxonomy":"product_cat","embeddable":true,"href":"https:\/\/solara.ee\/fi\/wp-json\/wp\/v2\/product_cat?post=5068"},{"taxonomy":"product_tag","embeddable":true,"href":"https:\/\/solara.ee\/fi\/wp-json\/wp\/v2\/product_tag?post=5068"}],"curies":[{"name":"wp","href":"https:\/\/api.w.org\/{rel}","templated":true}]}}