{"id":5060,"date":"2023-10-12T09:58:42","date_gmt":"2023-10-12T09:58:42","guid":{"rendered":"https:\/\/solara.ee\/pood\/helioux-clear-glow-self-tan-mousse-light-itseruskettava-vaahto\/"},"modified":"2026-03-11T11:03:36","modified_gmt":"2026-03-11T09:03:36","slug":"helioux-clear-glow-self-tan-mousse-light-itseruskettava-vaahto","status":"publish","type":"product","link":"https:\/\/solara.ee\/fi\/pood\/helioux-clear-glow-self-tan-mousse-light-itseruskettava-vaahto\/","title":{"rendered":"HELIOUX CLEAR GLOW SELF TAN MOUSSE LIGHT ITSERUSKETTAVA VAAHTO"},"content":{"rendered":"<p><strong>K\u00c4YTT\u00d6OHJE:<\/strong><\/p>\n<ol>\n<li>Kuori iho 24-48 tuntia ennen levityst\u00e4.<\/li>\n<li>Pumpaa vaahto rusketuskintaaseen ja levit\u00e4 tasaisesti py\u00f6rivin liikkein.<\/li>\n<li>Aloita jaloista ja etene yl\u00f6sp\u00e4in.<\/li>\n<li>Anna kuivua 6-8 tuntia (tai y\u00f6n yli) ennen suihkuun menoa.<\/li>\n<li>Tummemman rusketuksen saavuttamiseksi toista levitys seuraavana p\u00e4iv\u00e4n\u00e4.<\/li>\n<\/ol>\n","protected":false},"excerpt":{"rendered":"<p>Helioux Clear Glow Self Tan Mousse Light on kirkas itseruskettava vaahto, joka antaa kevyen ja luonnollisen rusketuksen ilman rusketusguiden j\u00e4tt\u00e4m\u00e4\u00e4 v\u00e4ri\u00e4 lakanoisiin.<\/p>\n<p>Sopii erinomaisesti vaalean ihon omaaville tai niille, jotka haluavat hienovaraisen hehkun.<\/p>\n<p>Sis\u00e4lt\u00e4\u00e4 100 % luonnollista DHA:ta. Vegaaninen ja el\u00e4inkokeilematon.<\/p>\n","protected":false},"featured_media":5061,"comment_status":"open","ping_status":"closed","template":"","meta":{"_seopress_robots_primary_cat":"none","_seopress_titles_title":"","_seopress_titles_desc":"","_seopress_robots_index":"","_seopress_analysis_target_kw":"","_gspb_post_css":""},"product_brand":[],"product_cat":[53],"product_tag":[],"class_list":{"0":"post-5060","1":"product","2":"type-product","3":"status-publish","4":"has-post-thumbnail","6":"product_cat-setit","8":"first","9":"instock","10":"sale","11":"taxable","12":"shipping-taxable","13":"purchasable","14":"product-type-simple"},"_links":{"self":[{"href":"https:\/\/solara.ee\/fi\/wp-json\/wp\/v2\/product\/5060","targetHints":{"allow":["GET"]}}],"collection":[{"href":"https:\/\/solara.ee\/fi\/wp-json\/wp\/v2\/product"}],"about":[{"href":"https:\/\/solara.ee\/fi\/wp-json\/wp\/v2\/types\/product"}],"replies":[{"embeddable":true,"href":"https:\/\/solara.ee\/fi\/wp-json\/wp\/v2\/comments?post=5060"}],"wp:featuredmedia":[{"embeddable":true,"href":"https:\/\/solara.ee\/fi\/wp-json\/wp\/v2\/media\/5061"}],"wp:attachment":[{"href":"https:\/\/solara.ee\/fi\/wp-json\/wp\/v2\/media?parent=5060"}],"wp:term":[{"taxonomy":"product_brand","embeddable":true,"href":"https:\/\/solara.ee\/fi\/wp-json\/wp\/v2\/product_brand?post=5060"},{"taxonomy":"product_cat","embeddable":true,"href":"https:\/\/solara.ee\/fi\/wp-json\/wp\/v2\/product_cat?post=5060"},{"taxonomy":"product_tag","embeddable":true,"href":"https:\/\/solara.ee\/fi\/wp-json\/wp\/v2\/product_tag?post=5060"}],"curies":[{"name":"wp","href":"https:\/\/api.w.org\/{rel}","templated":true}]}}