{"id":5040,"date":"2023-10-12T10:02:45","date_gmt":"2023-10-12T10:02:45","guid":{"rendered":"https:\/\/solara.ee\/pood\/helioux-express-self-tan-mousse-medium-itseruskettava-vaahto\/"},"modified":"2026-04-21T23:19:05","modified_gmt":"2026-04-21T20:19:05","slug":"helioux-express-self-tan-mousse-medium-itseruskettava-vaahto","status":"publish","type":"product","link":"https:\/\/solara.ee\/fi\/pood\/helioux-express-self-tan-mousse-medium-itseruskettava-vaahto\/","title":{"rendered":"HELIOUX EXPRESS SELF TAN MOUSSE MEDIUM ITSERUSKETTAVA VAAHTO"},"content":{"rendered":"<p><strong>K\u00c4YTT\u00d6OHJE:<\/strong><\/p>\n<ol>\n<li>Kuori iho 24-48 tuntia ennen levityst\u00e4.<\/li>\n<li>Pumpaa vaahto rusketuskintaaseen ja levit\u00e4 tasaisesti py\u00f6rivin liikkein.<\/li>\n<li>Aloita jaloista ja etene yl\u00f6sp\u00e4in.<\/li>\n<li>Kevytt\u00e4 rusketusta varten anna vaikuttaa 1-3 tuntia, keskitummaa varten 3-5 tuntia.<\/li>\n<li>Huuhtele suihkussa ilman saippuaa.<\/li>\n<\/ol>\n","protected":false},"excerpt":{"rendered":"<p>Helioux Express Self Tan Mousse Medium on nopeavaikutteinen itseruskettava vaahto, joka antaa luonnollisen ja tasaisen keskitumman rusketuksen.<\/p>\n<p>Pikarusketuskaava mahdollistaa nopean vaikutuksen \u2013 jo 1-3 tunnissa. Koostumus sis\u00e4lt\u00e4\u00e4 100 % luonnollista DHA:ta sek\u00e4 kosteuttavia ainesosia.<\/p>\n<p>Vegaaninen ja el\u00e4inkokeilematon.<\/p>\n","protected":false},"featured_media":5041,"comment_status":"open","ping_status":"closed","template":"","meta":{"_seopress_robots_primary_cat":"none","_seopress_titles_title":"Helioux Express Self Tan Mousse Medium itseruskettava vaahto","_seopress_titles_desc":"Helioux Express Self Tan Mousse Medium on nopeavaikutteinen itseruskettava vaahto, joka antaa luonnollisen keskitumman rusketuksen.","_seopress_robots_index":"","_gspb_post_css":""},"product_brand":[],"product_cat":[58],"product_tag":[],"class_list":{"0":"post-5040","1":"product","2":"type-product","3":"status-publish","4":"has-post-thumbnail","6":"product_cat-vaahdot","8":"first","9":"onbackorder","10":"sale","11":"taxable","12":"shipping-taxable","13":"purchasable","14":"product-type-simple"},"_links":{"self":[{"href":"https:\/\/solara.ee\/fi\/wp-json\/wp\/v2\/product\/5040","targetHints":{"allow":["GET"]}}],"collection":[{"href":"https:\/\/solara.ee\/fi\/wp-json\/wp\/v2\/product"}],"about":[{"href":"https:\/\/solara.ee\/fi\/wp-json\/wp\/v2\/types\/product"}],"replies":[{"embeddable":true,"href":"https:\/\/solara.ee\/fi\/wp-json\/wp\/v2\/comments?post=5040"}],"wp:featuredmedia":[{"embeddable":true,"href":"https:\/\/solara.ee\/fi\/wp-json\/wp\/v2\/media\/5041"}],"wp:attachment":[{"href":"https:\/\/solara.ee\/fi\/wp-json\/wp\/v2\/media?parent=5040"}],"wp:term":[{"taxonomy":"product_brand","embeddable":true,"href":"https:\/\/solara.ee\/fi\/wp-json\/wp\/v2\/product_brand?post=5040"},{"taxonomy":"product_cat","embeddable":true,"href":"https:\/\/solara.ee\/fi\/wp-json\/wp\/v2\/product_cat?post=5040"},{"taxonomy":"product_tag","embeddable":true,"href":"https:\/\/solara.ee\/fi\/wp-json\/wp\/v2\/product_tag?post=5040"}],"curies":[{"name":"wp","href":"https:\/\/api.w.org\/{rel}","templated":true}]}}