{"id":5037,"date":"2023-11-01T07:55:56","date_gmt":"2023-11-01T07:55:56","guid":{"rendered":"https:\/\/solara.ee\/pood\/2-in-1-primer-self-tan-remover-itserusketuksen-poistaja-200ml\/"},"modified":"2026-03-11T11:03:38","modified_gmt":"2026-03-11T09:03:38","slug":"2-in-1-primer-self-tan-remover-itserusketuksen-poistaja-200ml","status":"publish","type":"product","link":"https:\/\/solara.ee\/fi\/pood\/2-in-1-primer-self-tan-remover-itserusketuksen-poistaja-200ml\/","title":{"rendered":"2 IN 1 PRIMER &amp; SELF TAN REMOVER ITSERUSKETUKSEN POISTAJA 200ml"},"content":{"rendered":"&#13;\n<p>Kevyt puhdistusvaahto, joka poistaa itseruskettavan tuotteen j\u00e4\u00e4m\u00e4t nopeasti ja helposti. Sen ainutlaatuinen koostumus puhdistaa hell\u00e4varaisesti, hoitaa ja kiinteytt\u00e4\u00e4 ihoa luoden ihanteellisen pohjan seuraavalle rusketuksellesi. <\/p>&#13;\n<p><strong>TUOTTEEN EDUT:<\/strong><\/p>&#13;\n<ul>&#13;\n<li>Eemaldab t\u00f5husalt isepruunistaja j\u00e4\u00e4gid<span class=\"Apple-converted-space\">\u00a0<\/span><\/li>&#13;\n<li>Taastab naha loomuliku pH-tasakaalu<\/li>&#13;\n<li>Puhastab, hooldab ja pinguldab nahka<span class=\"Apple-converted-space\">\u00a0<\/span><\/li>&#13;\n<li>Rahustava ja p\u00f5letikuvastase toimega<\/li>&#13;\n<li>Kerge vahtkoostis<span class=\"Apple-converted-space\">\u00a0<\/span><\/li>&#13;\n<li>Sobib nii n\u00e4ole kui kehale<span class=\"Apple-converted-space\">\u00a0<\/span><\/li>&#13;\n<li>Vegan, julmuse- ja parabeenivaba<\/li>&#13;\n<\/ul>&#13;\n<p>T\u00e4rkeimm\u00e4t ainesosat: Kakadu-luumu (C-vitamiini), Cucumis Sativus (kurkun) hedelm\u00e4uute, Chamomilla Recutita (kamomillan) kukka-uute, Aloe Vera (kosteuttaja), Papaiini (kuorivat ominaisuudet)<\/p>&#13;\n<p><b>K\u00c4YTT\u00d6OHJE:<\/b><\/p>&#13;\n<p>Levit\u00e4 tuotetta runsaasti iholle ja anna vaikuttaa 5 minuuttia, huuhtele sen j\u00e4lkeen l\u00e4mpim\u00e4ll\u00e4 vedell\u00e4. Parhaan tuloksen saavuttamiseksi k\u00e4yt\u00e4 Helioux kaksipuolista kuorintakinnasta, poistaen rusketusta hell\u00e4varaisesti py\u00f6rivin liikkein. <\/p>&#13;\n","protected":false},"excerpt":{"rendered":"<p class=\"\" data-start=\"197\" data-end=\"382\">Tehokas rusketuksen poistaja, joka poistaa itseruskettavan tuotteen j\u00e4\u00e4m\u00e4t vain 5 minuutissa. Palauttaa ihon luonnollisen pH-tasapainon ja valmistelee sen uutta, tasaista ja pitk\u00e4kestoista rusketusta varten.<\/p>\n<p>Kevyt vaahtomainen koostumus puhdistaa syv\u00e4sti sek\u00e4 kiinteytt\u00e4\u00e4 ja hoitaa ihoa. Rikastettu C-vitamiinilla, kurkku- ja kamomillauutteella, jotka kosteuttavat, rauhoittavat ja v\u00e4hent\u00e4v\u00e4t \u00e4rsytyst\u00e4.<\/p>\n<p>Sopii kaikille ihotyypeille, vegaaninen ja parabeeniton.<\/p>\n","protected":false},"featured_media":5038,"comment_status":"open","ping_status":"closed","template":"","meta":{"_seopress_robots_primary_cat":"none","_seopress_titles_title":"","_seopress_titles_desc":"","_seopress_robots_index":"","_gspb_post_css":""},"product_brand":[],"product_cat":[58],"product_tag":[],"class_list":{"0":"post-5037","1":"product","2":"type-product","3":"status-publish","4":"has-post-thumbnail","6":"product_cat-vaahdot","8":"first","9":"instock","10":"taxable","11":"shipping-taxable","12":"purchasable","13":"product-type-simple"},"_links":{"self":[{"href":"https:\/\/solara.ee\/fi\/wp-json\/wp\/v2\/product\/5037","targetHints":{"allow":["GET"]}}],"collection":[{"href":"https:\/\/solara.ee\/fi\/wp-json\/wp\/v2\/product"}],"about":[{"href":"https:\/\/solara.ee\/fi\/wp-json\/wp\/v2\/types\/product"}],"replies":[{"embeddable":true,"href":"https:\/\/solara.ee\/fi\/wp-json\/wp\/v2\/comments?post=5037"}],"wp:featuredmedia":[{"embeddable":true,"href":"https:\/\/solara.ee\/fi\/wp-json\/wp\/v2\/media\/5038"}],"wp:attachment":[{"href":"https:\/\/solara.ee\/fi\/wp-json\/wp\/v2\/media?parent=5037"}],"wp:term":[{"taxonomy":"product_brand","embeddable":true,"href":"https:\/\/solara.ee\/fi\/wp-json\/wp\/v2\/product_brand?post=5037"},{"taxonomy":"product_cat","embeddable":true,"href":"https:\/\/solara.ee\/fi\/wp-json\/wp\/v2\/product_cat?post=5037"},{"taxonomy":"product_tag","embeddable":true,"href":"https:\/\/solara.ee\/fi\/wp-json\/wp\/v2\/product_tag?post=5037"}],"curies":[{"name":"wp","href":"https:\/\/api.w.org\/{rel}","templated":true}]}}