{"id":5032,"date":"2023-11-01T09:28:58","date_gmt":"2023-11-01T09:28:58","guid":{"rendered":"https:\/\/solara.ee\/pood\/helioux-itseruskettava-vartalovoide\/"},"modified":"2026-04-19T04:54:02","modified_gmt":"2026-04-19T01:54:02","slug":"helioux-itseruskettava-vartalovoide","status":"publish","type":"product","link":"https:\/\/solara.ee\/fi\/pood\/helioux-itseruskettava-vartalovoide\/","title":{"rendered":"HELIOUX ITSERUSKETTAVA VARTALOVOIDE"},"content":{"rendered":"<p><strong>K\u00c4YTT\u00d6OHJE:<\/strong><\/p>\n<ol>\n<li>Levit\u00e4 vartalovoide puhtaalle ja kuivalle iholle.<\/li>\n<li>Hieromalla levit\u00e4 voide tasaisesti koko keholle.<\/li>\n<li>Pese k\u00e4det huolellisesti levityksen j\u00e4lkeen.<\/li>\n<li>Anna kuivua ennen pukeutumista.<\/li>\n<li>K\u00e4yt\u00e4 p\u00e4ivitt\u00e4in halutun rusketuksen s\u00e4vyn yll\u00e4pit\u00e4miseksi.<\/li>\n<\/ol>\n","protected":false},"excerpt":{"rendered":"<p>Helioux itseruskettava vartalovoide on ravitseva voide, joka antaa iholle asteittain syvenev\u00e4n luonnollisen rusketuksen samalla syv\u00e4kosteuttaen.<\/p>\n<p>Sopii t\u00e4ydellisesti itserusketuksen yll\u00e4pit\u00e4miseen ja pident\u00e4miseen sek\u00e4 kevyen hehkun antamiseen.<\/p>\n<p>Rikastettu hoitavilla ainesosilla, jotka pit\u00e4v\u00e4t ihon pehme\u00e4n\u00e4 ja kosteutettuna.<\/p>\n<p>Vegaaninen ja el\u00e4inkokeilematon.<\/p>\n","protected":false},"featured_media":5195,"comment_status":"open","ping_status":"closed","template":"","meta":{"_seopress_robots_primary_cat":"none","_seopress_titles_title":"Helioux itseruskettava vartalovoide","_seopress_titles_desc":"Helioux itseruskettava vartalovoide on ravitseva vartalovoide, joka antaa asteittain ihoa kosteuttavan rusketuksen. Sopii t\u00e4ydellisesti rusketuksen yll\u00e4pit\u00e4miseen.","_seopress_robots_index":"","_gspb_post_css":""},"product_brand":[],"product_cat":[57],"product_tag":[],"class_list":{"0":"post-5032","1":"product","2":"type-product","3":"status-publish","4":"has-post-thumbnail","6":"product_cat-voiteet","8":"first","9":"onbackorder","10":"sale","11":"taxable","12":"shipping-taxable","13":"purchasable","14":"product-type-simple"},"_links":{"self":[{"href":"https:\/\/solara.ee\/fi\/wp-json\/wp\/v2\/product\/5032","targetHints":{"allow":["GET"]}}],"collection":[{"href":"https:\/\/solara.ee\/fi\/wp-json\/wp\/v2\/product"}],"about":[{"href":"https:\/\/solara.ee\/fi\/wp-json\/wp\/v2\/types\/product"}],"replies":[{"embeddable":true,"href":"https:\/\/solara.ee\/fi\/wp-json\/wp\/v2\/comments?post=5032"}],"wp:featuredmedia":[{"embeddable":true,"href":"https:\/\/solara.ee\/fi\/wp-json\/wp\/v2\/media\/5195"}],"wp:attachment":[{"href":"https:\/\/solara.ee\/fi\/wp-json\/wp\/v2\/media?parent=5032"}],"wp:term":[{"taxonomy":"product_brand","embeddable":true,"href":"https:\/\/solara.ee\/fi\/wp-json\/wp\/v2\/product_brand?post=5032"},{"taxonomy":"product_cat","embeddable":true,"href":"https:\/\/solara.ee\/fi\/wp-json\/wp\/v2\/product_cat?post=5032"},{"taxonomy":"product_tag","embeddable":true,"href":"https:\/\/solara.ee\/fi\/wp-json\/wp\/v2\/product_tag?post=5032"}],"curies":[{"name":"wp","href":"https:\/\/api.w.org\/{rel}","templated":true}]}}