{"id":5025,"date":"2023-11-01T14:52:12","date_gmt":"2023-11-01T14:52:12","guid":{"rendered":"https:\/\/solara.ee\/pood\/helioux-isepruunistav-vaht-kinnas-komplekt\/"},"modified":"2026-03-11T11:03:35","modified_gmt":"2026-03-11T09:03:35","slug":"helioux-isepruunistav-vaht-kinnas-komplekt","status":"publish","type":"product","link":"https:\/\/solara.ee\/fi\/pood\/helioux-isepruunistav-vaht-kinnas-komplekt\/","title":{"rendered":"HELIOUX ISEPRUUNISTAV VAHT + KINNAS KOMPLEKT"},"content":{"rendered":"<p><strong>K\u00c4YTT\u00d6OHJE:<\/strong><\/p>\n<ol>\n<li>Laita rusketuskinnas k\u00e4teen ja pumpaa itseruskettava vaahto suoraan kintaaseen.<\/li>\n<li>Levit\u00e4 tuote iholle py\u00f6rivin liikkein, aloittaen jaloista ja edeten yl\u00f6sp\u00e4in.<\/li>\n<li>H\u00e4ivyt\u00e4 huolellisesti ranteisiin, nilkkoihin, polviin ja kyyn\u00e4rp\u00e4ihin.<\/li>\n<li>Anna kuivua 6\u20138 tuntia (tai y\u00f6n yli) ennen suihkuun menoa.<\/li>\n<li>Suihkun j\u00e4lkeen kostuta ihoa p\u00e4ivitt\u00e4in rusketuksen keston pident\u00e4miseksi.<\/li>\n<\/ol>\n","protected":false},"excerpt":{"rendered":"<p>Helioux isepruunistava vaht + kinnas komplekt sis\u00e4lt\u00e4\u00e4 kaiken tarvittavan t\u00e4ydellisen kotona teht\u00e4v\u00e4n rusketuksen saavuttamiseen.<\/p>\n<p>Itseruskettava vaahto antaa luonnollisen ja tasaisen rusketuksen, kun taas pehme\u00e4 rusketuskinnas varmistaa tuotteen tasaisen levityksen ilman raitoja.<\/p>\n<p>Vegaaninen ja el\u00e4inkokeilematon.<\/p>\n","protected":false},"featured_media":5026,"comment_status":"open","ping_status":"closed","template":"","meta":{"_seopress_robots_primary_cat":"none","_seopress_titles_title":"Helioux itseruskettava vaahto + kinnas -setti","_seopress_titles_desc":"Helioux itseruskettava vaahto ja rusketuskinnas yhdess\u00e4 setiss\u00e4. T\u00e4ydellinen paketti luonnollisen ja tasaisen rusketuksen saavuttamiseen kotona.","_seopress_robots_index":"","_seopress_analysis_target_kw":"","_gspb_post_css":""},"product_brand":[],"product_cat":[53],"product_tag":[],"class_list":{"0":"post-5025","1":"product","2":"type-product","3":"status-publish","4":"has-post-thumbnail","6":"product_cat-setit","8":"first","9":"instock","10":"sale","11":"taxable","12":"shipping-taxable","13":"purchasable","14":"product-type-variable"},"_links":{"self":[{"href":"https:\/\/solara.ee\/fi\/wp-json\/wp\/v2\/product\/5025","targetHints":{"allow":["GET"]}}],"collection":[{"href":"https:\/\/solara.ee\/fi\/wp-json\/wp\/v2\/product"}],"about":[{"href":"https:\/\/solara.ee\/fi\/wp-json\/wp\/v2\/types\/product"}],"replies":[{"embeddable":true,"href":"https:\/\/solara.ee\/fi\/wp-json\/wp\/v2\/comments?post=5025"}],"wp:featuredmedia":[{"embeddable":true,"href":"https:\/\/solara.ee\/fi\/wp-json\/wp\/v2\/media\/5026"}],"wp:attachment":[{"href":"https:\/\/solara.ee\/fi\/wp-json\/wp\/v2\/media?parent=5025"}],"wp:term":[{"taxonomy":"product_brand","embeddable":true,"href":"https:\/\/solara.ee\/fi\/wp-json\/wp\/v2\/product_brand?post=5025"},{"taxonomy":"product_cat","embeddable":true,"href":"https:\/\/solara.ee\/fi\/wp-json\/wp\/v2\/product_cat?post=5025"},{"taxonomy":"product_tag","embeddable":true,"href":"https:\/\/solara.ee\/fi\/wp-json\/wp\/v2\/product_tag?post=5025"}],"curies":[{"name":"wp","href":"https:\/\/api.w.org\/{rel}","templated":true}]}}