{"id":5020,"date":"2023-11-08T08:28:14","date_gmt":"2023-11-08T08:28:14","guid":{"rendered":"https:\/\/solara.ee\/pood\/helioux-kaksipuolinen-kuorintakinnas\/"},"modified":"2026-04-19T04:55:09","modified_gmt":"2026-04-19T01:55:09","slug":"helioux-kaksipuolinen-kuorintakinnas","status":"publish","type":"product","link":"https:\/\/solara.ee\/fi\/pood\/helioux-kaksipuolinen-kuorintakinnas\/","title":{"rendered":"HELIOUX KAKSIPUOLINEN KUORINTAKINNAS"},"content":{"rendered":"<p><strong>K\u00c4YTT\u00d6OHJE:<\/strong><\/p>\n<ol>\n<li>Kastele iho l\u00e4mpim\u00e4ll\u00e4 vedell\u00e4.<\/li>\n<li>Laita kinnas k\u00e4teen ja kuori ihoa py\u00f6rivin liikkein.<\/li>\n<li>K\u00e4yt\u00e4 karkeampaa puolta keholle ja pehme\u00e4mp\u00e4\u00e4 puolta herkemmille alueille.<\/li>\n<li>Huuhtele iho huolellisesti kuorinnan j\u00e4lkeen.<\/li>\n<li>Parhaiden tulosten saavuttamiseksi kuori iho 24-48 tuntia ennen itseruskettavan tuotteen levitt\u00e4mist\u00e4.<\/li>\n<\/ol>\n","protected":false},"excerpt":{"rendered":"<p>Helioux kaksipuolinen kuorintakinnas on tehokas ja helppok\u00e4ytt\u00f6inen ihonkuorintakinnas, joka poistaa kuolleet ihosolut ja valmistelee ihon t\u00e4ydellisesti itserusketusta varten.<\/p>\n<p>Kintaan kaksipuolinen rakenne mahdollistaa sek\u00e4 tehokkaan kuorinnan karkeammalla puolella ett\u00e4 hell\u00e4varaisen kuorinnan pehme\u00e4mm\u00e4ll\u00e4 puolella.<\/p>\n<p>Kuorinnalla ei tarvita lis\u00e4tuotteita \u2013 pelkk\u00e4 vesi ja kinnas riitt\u00e4v\u00e4t.<\/p>\n","protected":false},"featured_media":5021,"comment_status":"open","ping_status":"closed","template":"","meta":{"_seopress_robots_primary_cat":"none","_seopress_titles_title":"Helioux kaksipuolinen kuorintakinnas","_seopress_titles_desc":"Helioux kaksipuolinen kuorintakinnas on tehokas ihonkuorintakinnas, joka poistaa kuolleet ihosolut ja valmistelee ihon itserusketusta varten.","_seopress_robots_index":"","_gspb_post_css":""},"product_brand":[],"product_cat":[55],"product_tag":[],"class_list":{"0":"post-5020","1":"product","2":"type-product","3":"status-publish","4":"has-post-thumbnail","6":"product_cat-tarvikkeet","8":"first","9":"onbackorder","10":"sale","11":"taxable","12":"shipping-taxable","13":"purchasable","14":"product-type-simple"},"_links":{"self":[{"href":"https:\/\/solara.ee\/fi\/wp-json\/wp\/v2\/product\/5020","targetHints":{"allow":["GET"]}}],"collection":[{"href":"https:\/\/solara.ee\/fi\/wp-json\/wp\/v2\/product"}],"about":[{"href":"https:\/\/solara.ee\/fi\/wp-json\/wp\/v2\/types\/product"}],"replies":[{"embeddable":true,"href":"https:\/\/solara.ee\/fi\/wp-json\/wp\/v2\/comments?post=5020"}],"wp:featuredmedia":[{"embeddable":true,"href":"https:\/\/solara.ee\/fi\/wp-json\/wp\/v2\/media\/5021"}],"wp:attachment":[{"href":"https:\/\/solara.ee\/fi\/wp-json\/wp\/v2\/media?parent=5020"}],"wp:term":[{"taxonomy":"product_brand","embeddable":true,"href":"https:\/\/solara.ee\/fi\/wp-json\/wp\/v2\/product_brand?post=5020"},{"taxonomy":"product_cat","embeddable":true,"href":"https:\/\/solara.ee\/fi\/wp-json\/wp\/v2\/product_cat?post=5020"},{"taxonomy":"product_tag","embeddable":true,"href":"https:\/\/solara.ee\/fi\/wp-json\/wp\/v2\/product_tag?post=5020"}],"curies":[{"name":"wp","href":"https:\/\/api.w.org\/{rel}","templated":true}]}}