{"id":5016,"date":"2023-11-09T13:34:38","date_gmt":"2023-11-09T13:34:38","guid":{"rendered":"https:\/\/solara.ee\/pood\/helioux-velvet-tanning-mitt-rusketuskinnas\/"},"modified":"2026-04-19T04:52:52","modified_gmt":"2026-04-19T01:52:52","slug":"helioux-velvet-tanning-mitt-rusketuskinnas","status":"publish","type":"product","link":"https:\/\/solara.ee\/fi\/pood\/helioux-velvet-tanning-mitt-rusketuskinnas\/","title":{"rendered":"HELIOUX VELVET TANNING MITT RUSKETUSKINNAS"},"content":{"rendered":"<p><strong>K\u00c4YTT\u00d6OHJE:<\/strong><\/p>\n<ol>\n<li>Laita kinnas k\u00e4teen ja pumpaa itseruskettava vaahto suoraan kintaaseen.<\/li>\n<li>Levit\u00e4 tuote iholle py\u00f6rivin liikkein, aloittaen jaloista ja edeten yl\u00f6sp\u00e4in.<\/li>\n<li>H\u00e4ivyt\u00e4 huolellisesti ranteisiin, nilkkoihin, polviin ja kyyn\u00e4rp\u00e4ihin.<\/li>\n<li>K\u00e4yt\u00f6n j\u00e4lkeen pese kinnas k\u00e4sin l\u00e4mpim\u00e4ll\u00e4 vedell\u00e4 ja saippualla.<\/li>\n<\/ol>\n","protected":false},"excerpt":{"rendered":"<p>Helioux Velvet Tanning Mitt on pehme\u00e4 ja laadukas rusketuskinnas, joka tekee itseruskettavan tuotteen levitt\u00e4misest\u00e4 helppoa ja tasaista. Samettipehme\u00e4 pinta varmistaa, ett\u00e4 tuote levittyy tasaisesti ilman raitoja tai tahroja k\u00e4siin.<\/p>\n<p>Sopii kaikkien itseruskettavien vaahtojen, voiteiden ja nesteiden levitt\u00e4miseen.<\/p>\n","protected":false},"featured_media":5017,"comment_status":"open","ping_status":"closed","template":"","meta":{"_seopress_robots_primary_cat":"none","_seopress_titles_title":"Helioux Velvet Tanning Mitt rusketuskinnas","_seopress_titles_desc":"Helioux Velvet Tanning Mitt on pehme\u00e4 ja laadukas rusketuskinnas, joka tekee itseruskettavan tuotteen levitt\u00e4misest\u00e4 helppoa ja tasaista.","_seopress_robots_index":"","_gspb_post_css":""},"product_brand":[],"product_cat":[55],"product_tag":[],"class_list":{"0":"post-5016","1":"product","2":"type-product","3":"status-publish","4":"has-post-thumbnail","6":"product_cat-tarvikkeet","8":"first","9":"onbackorder","10":"sale","11":"taxable","12":"shipping-taxable","13":"purchasable","14":"product-type-simple"},"_links":{"self":[{"href":"https:\/\/solara.ee\/fi\/wp-json\/wp\/v2\/product\/5016","targetHints":{"allow":["GET"]}}],"collection":[{"href":"https:\/\/solara.ee\/fi\/wp-json\/wp\/v2\/product"}],"about":[{"href":"https:\/\/solara.ee\/fi\/wp-json\/wp\/v2\/types\/product"}],"replies":[{"embeddable":true,"href":"https:\/\/solara.ee\/fi\/wp-json\/wp\/v2\/comments?post=5016"}],"wp:featuredmedia":[{"embeddable":true,"href":"https:\/\/solara.ee\/fi\/wp-json\/wp\/v2\/media\/5017"}],"wp:attachment":[{"href":"https:\/\/solara.ee\/fi\/wp-json\/wp\/v2\/media?parent=5016"}],"wp:term":[{"taxonomy":"product_brand","embeddable":true,"href":"https:\/\/solara.ee\/fi\/wp-json\/wp\/v2\/product_brand?post=5016"},{"taxonomy":"product_cat","embeddable":true,"href":"https:\/\/solara.ee\/fi\/wp-json\/wp\/v2\/product_cat?post=5016"},{"taxonomy":"product_tag","embeddable":true,"href":"https:\/\/solara.ee\/fi\/wp-json\/wp\/v2\/product_tag?post=5016"}],"curies":[{"name":"wp","href":"https:\/\/api.w.org\/{rel}","templated":true}]}}