{"id":5007,"date":"2024-11-25T16:05:51","date_gmt":"2024-11-25T14:05:51","guid":{"rendered":"https:\/\/solara.ee\/pood\/helioux-blending-brush-haivytyssivellin\/"},"modified":"2026-03-11T11:03:35","modified_gmt":"2026-03-11T09:03:35","slug":"helioux-blending-brush-haivytyssivellin","status":"publish","type":"product","link":"https:\/\/solara.ee\/fi\/pood\/helioux-blending-brush-haivytyssivellin\/","title":{"rendered":"HELIOUX BLENDING BRUSH H\u00c4IVYTYSSIVELLIN"},"content":{"rendered":"<p><strong>K\u00c4YTT\u00d6OHJE:<\/strong><\/p>\n<ol>\n<li>Pumpaa itseruskettava tuote suoraan siveltimeen tai k\u00e4teen.<\/li>\n<li>Levit\u00e4 tuote iholle siveltimell\u00e4 py\u00f6rivin liikkein.<\/li>\n<li>H\u00e4ivyt\u00e4 huolellisesti ranteisiin, nilkkoihin, polviin ja kyyn\u00e4rp\u00e4ihin, jotta v\u00e4lt\u00e4t rajoja.<\/li>\n<li>K\u00e4yt\u00f6n j\u00e4lkeen pese sivellin l\u00e4mpim\u00e4ll\u00e4 vedell\u00e4 ja saippualla.<\/li>\n<\/ol>\n","protected":false},"excerpt":{"rendered":"<p>Helioux Blending Brush on laadukas h\u00e4ivytyssivellin, joka tekee itserusketuksen levitt\u00e4misest\u00e4 vaivatonta ja tasaista. Siveltimen pehme\u00e4t harjakset auttavat h\u00e4ivytt\u00e4m\u00e4\u00e4n tuotteen tasaisesti iholle ilman raitoja tai l\u00e4ikki\u00e4.<\/p>\n<p>Sopii erinomaisesti kasvojen, kaulan, korvien ja muiden vaikeap\u00e4\u00e4syisten alueiden rusketuksen levitt\u00e4miseen.<\/p>\n<p>Toimii kaikkien itseruskettavien tuotteiden kanssa.<\/p>\n","protected":false},"featured_media":5008,"comment_status":"open","ping_status":"closed","template":"","meta":{"_seopress_robots_primary_cat":"none","_seopress_titles_title":"Helioux Blending Brush h\u00e4ivytyssivellin","_seopress_titles_desc":"Helioux Blending Brush on laadukas h\u00e4ivytyssivellin, joka tekee itserusketuksen levitt\u00e4misest\u00e4 vaivatonta ja tasaista.","_seopress_robots_index":"","_gspb_post_css":""},"product_brand":[],"product_cat":[55],"product_tag":[],"class_list":{"0":"post-5007","1":"product","2":"type-product","3":"status-publish","4":"has-post-thumbnail","6":"product_cat-tarvikkeet","8":"first","9":"instock","10":"taxable","11":"shipping-taxable","12":"purchasable","13":"product-type-simple"},"_links":{"self":[{"href":"https:\/\/solara.ee\/fi\/wp-json\/wp\/v2\/product\/5007","targetHints":{"allow":["GET"]}}],"collection":[{"href":"https:\/\/solara.ee\/fi\/wp-json\/wp\/v2\/product"}],"about":[{"href":"https:\/\/solara.ee\/fi\/wp-json\/wp\/v2\/types\/product"}],"replies":[{"embeddable":true,"href":"https:\/\/solara.ee\/fi\/wp-json\/wp\/v2\/comments?post=5007"}],"wp:featuredmedia":[{"embeddable":true,"href":"https:\/\/solara.ee\/fi\/wp-json\/wp\/v2\/media\/5008"}],"wp:attachment":[{"href":"https:\/\/solara.ee\/fi\/wp-json\/wp\/v2\/media?parent=5007"}],"wp:term":[{"taxonomy":"product_brand","embeddable":true,"href":"https:\/\/solara.ee\/fi\/wp-json\/wp\/v2\/product_brand?post=5007"},{"taxonomy":"product_cat","embeddable":true,"href":"https:\/\/solara.ee\/fi\/wp-json\/wp\/v2\/product_cat?post=5007"},{"taxonomy":"product_tag","embeddable":true,"href":"https:\/\/solara.ee\/fi\/wp-json\/wp\/v2\/product_tag?post=5007"}],"curies":[{"name":"wp","href":"https:\/\/api.w.org\/{rel}","templated":true}]}}