{"id":5003,"date":"2025-01-21T10:27:50","date_gmt":"2025-01-21T08:27:50","guid":{"rendered":"https:\/\/solara.ee\/pood\/quickbrows-browshape-kulmuvaha\/"},"modified":"2026-03-11T11:03:35","modified_gmt":"2026-03-11T09:03:35","slug":"quickbrows-browshape-kulmuvaha","status":"publish","type":"product","link":"https:\/\/solara.ee\/fi\/pood\/quickbrows-browshape-kulmuvaha\/","title":{"rendered":"QUICKBROWS BROWSHAPE KULMUVAHA"},"content":{"rendered":"<p><strong>K\u00c4YTT\u00d6OHJE:<\/strong><\/p>\n<ol>\n<li>Levit\u00e4 pieni m\u00e4\u00e4r\u00e4 vahaa setin mukana tulevalle harjalle.<\/li>\n<li>Levit\u00e4 vaha kulmakarvoille ja muotoile ne harjalla haluttuun muotoon.<\/li>\n<li>Varmista, ett\u00e4 jokainen kulmakarva on tasaisesti peitetty.<\/li>\n<li>Parhaiden tulosten saavuttamiseksi levit\u00e4 Quickbrows Browshape tuote puhtaille ja kuiville kulmakarvoille.<\/li>\n<li>K\u00e4yt\u00f6n j\u00e4lkeen huuhtele ja kuivaa harja.<\/li>\n<\/ol>\n","protected":false},"excerpt":{"rendered":"<p>Helioux Quickbrows Browshape on kulmuvaha, joka luo kulmakarvoille laminointiefektin ja antaa niille t\u00e4ydellisen muodon, kest\u00e4en koko p\u00e4iv\u00e4n. Vaha auttaa kesytt\u00e4m\u00e4\u00e4n jokaisen karvan ja tekee kulmista tuuheammat.<\/p>\n<p>Tuote ei j\u00e4t\u00e4 karvoille tuotej\u00e4\u00e4mi\u00e4 (hiutaleita).<\/p>\n<p>Rikastettu E-vitamiinilla, joka ravitsee ja hoitaa kulmakarvia.<\/p>\n<p>Setin mukana tulevalla harjalla on helppo levitt\u00e4\u00e4 vaha kulmakarvoille halutun muodon ja tuloksen saavuttamiseksi.<\/p>\n","protected":false},"featured_media":5004,"comment_status":"open","ping_status":"closed","template":"","meta":{"_seopress_robots_primary_cat":"none","_seopress_titles_title":"","_seopress_titles_desc":"","_seopress_robots_index":"","_gspb_post_css":""},"product_brand":[],"product_cat":[54],"product_tag":[],"class_list":{"0":"post-5003","1":"product","2":"type-product","3":"status-publish","4":"has-post-thumbnail","6":"product_cat-kauneustuotteet","8":"first","9":"outofstock","10":"taxable","11":"shipping-taxable","12":"purchasable","13":"product-type-simple"},"_links":{"self":[{"href":"https:\/\/solara.ee\/fi\/wp-json\/wp\/v2\/product\/5003","targetHints":{"allow":["GET"]}}],"collection":[{"href":"https:\/\/solara.ee\/fi\/wp-json\/wp\/v2\/product"}],"about":[{"href":"https:\/\/solara.ee\/fi\/wp-json\/wp\/v2\/types\/product"}],"replies":[{"embeddable":true,"href":"https:\/\/solara.ee\/fi\/wp-json\/wp\/v2\/comments?post=5003"}],"wp:featuredmedia":[{"embeddable":true,"href":"https:\/\/solara.ee\/fi\/wp-json\/wp\/v2\/media\/5004"}],"wp:attachment":[{"href":"https:\/\/solara.ee\/fi\/wp-json\/wp\/v2\/media?parent=5003"}],"wp:term":[{"taxonomy":"product_brand","embeddable":true,"href":"https:\/\/solara.ee\/fi\/wp-json\/wp\/v2\/product_brand?post=5003"},{"taxonomy":"product_cat","embeddable":true,"href":"https:\/\/solara.ee\/fi\/wp-json\/wp\/v2\/product_cat?post=5003"},{"taxonomy":"product_tag","embeddable":true,"href":"https:\/\/solara.ee\/fi\/wp-json\/wp\/v2\/product_tag?post=5003"}],"curies":[{"name":"wp","href":"https:\/\/api.w.org\/{rel}","templated":true}]}}