{"id":4997,"date":"2025-03-02T19:17:13","date_gmt":"2025-03-02T17:17:13","guid":{"rendered":"https:\/\/solara.ee\/pood\/helioux-lip-butter-huulivoide-vanilla-cream\/"},"modified":"2026-03-11T11:03:34","modified_gmt":"2026-03-11T09:03:34","slug":"helioux-lip-butter-huulivoide-vanilla-cream","status":"publish","type":"product","link":"https:\/\/solara.ee\/fi\/pood\/helioux-lip-butter-huulivoide-vanilla-cream\/","title":{"rendered":"HELIOUX LIP BUTTER HUULIVOIDE VANILLA CREAM"},"content":{"rendered":"<p><strong>K\u00c4YTT\u00d6OHJE:<\/strong><\/p>\n<ol>\n<li>Levit\u00e4 ohut kerros huulivoide puhtaille ja kuiville huulille.<\/li>\n<li>Voidetta voi k\u00e4ytt\u00e4\u00e4 p\u00e4iv\u00e4n aikana niin usein kuin tarvitset.<\/li>\n<li>Sopii my\u00f6s y\u00f6n yli huulten tehohoitoon.<\/li>\n<\/ol>\n","protected":false},"excerpt":{"rendered":"<p>Helioux Lip Butter Vanilla Cream on ylellinen huulivoide, joka tarjoaa syv\u00e4kosteutusta ja pitk\u00e4kestoista hoitoa huulille.<\/p>\n<p>Koostumus sis\u00e4lt\u00e4\u00e4 sheavoita, kookos\u00f6ljy\u00e4 ja E-vitamiinia, jotka yhdess\u00e4 ravitsevat ja suojaavat huulia.<\/p>\n<p>Vanilla Cream -s\u00e4vy antaa huulille pehme\u00e4n ja herkullisen s\u00e4vyn.<\/p>\n<p>Vegaaninen ja el\u00e4inkokeilematon.<\/p>\n","protected":false},"featured_media":4998,"comment_status":"open","ping_status":"closed","template":"","meta":{"_seopress_robots_primary_cat":"none","_seopress_titles_title":"Helioux Lip Butter huulivoide Vanilla Cream","_seopress_titles_desc":"Helioux Lip Butter Vanilla Cream on ylellinen huulivoide, joka kosteuttaa ja hoitaa huulia ravintorikkailla ainesosilla.","_seopress_robots_index":"","_gspb_post_css":""},"product_brand":[],"product_cat":[54],"product_tag":[],"class_list":{"0":"post-4997","1":"product","2":"type-product","3":"status-publish","4":"has-post-thumbnail","6":"product_cat-kauneustuotteet","8":"first","9":"instock","10":"taxable","11":"shipping-taxable","12":"purchasable","13":"product-type-simple"},"_links":{"self":[{"href":"https:\/\/solara.ee\/fi\/wp-json\/wp\/v2\/product\/4997","targetHints":{"allow":["GET"]}}],"collection":[{"href":"https:\/\/solara.ee\/fi\/wp-json\/wp\/v2\/product"}],"about":[{"href":"https:\/\/solara.ee\/fi\/wp-json\/wp\/v2\/types\/product"}],"replies":[{"embeddable":true,"href":"https:\/\/solara.ee\/fi\/wp-json\/wp\/v2\/comments?post=4997"}],"wp:featuredmedia":[{"embeddable":true,"href":"https:\/\/solara.ee\/fi\/wp-json\/wp\/v2\/media\/4998"}],"wp:attachment":[{"href":"https:\/\/solara.ee\/fi\/wp-json\/wp\/v2\/media?parent=4997"}],"wp:term":[{"taxonomy":"product_brand","embeddable":true,"href":"https:\/\/solara.ee\/fi\/wp-json\/wp\/v2\/product_brand?post=4997"},{"taxonomy":"product_cat","embeddable":true,"href":"https:\/\/solara.ee\/fi\/wp-json\/wp\/v2\/product_cat?post=4997"},{"taxonomy":"product_tag","embeddable":true,"href":"https:\/\/solara.ee\/fi\/wp-json\/wp\/v2\/product_tag?post=4997"}],"curies":[{"name":"wp","href":"https:\/\/api.w.org\/{rel}","templated":true}]}}