{"id":4986,"date":"2025-03-02T20:38:12","date_gmt":"2025-03-02T18:38:12","guid":{"rendered":"https:\/\/solara.ee\/pood\/helioux-lip-butter-huulivoide-espresso\/"},"modified":"2026-03-11T11:03:34","modified_gmt":"2026-03-11T09:03:34","slug":"helioux-lip-butter-huulivoide-espresso","status":"publish","type":"product","link":"https:\/\/solara.ee\/fi\/pood\/helioux-lip-butter-huulivoide-espresso\/","title":{"rendered":"HELIOUX LIP BUTTER HUULIVOIDE ESPRESSO"},"content":{"rendered":"<p><strong>K\u00c4YTT\u00d6OHJE:<\/strong><\/p>\n<ol>\n<li>Levit\u00e4 ohut kerros huulivoide puhtaille ja kuiville huulille.<\/li>\n<li>Voidetta voi k\u00e4ytt\u00e4\u00e4 p\u00e4iv\u00e4n aikana niin usein kuin tarvitset.<\/li>\n<li>Sopii my\u00f6s y\u00f6n yli huulten tehohoitoon.<\/li>\n<\/ol>\n","protected":false},"excerpt":{"rendered":"<p>Helioux Lip Butter Espresso on ravintorikkaista ainesosista valmistettu huulivoide, joka tarjoaa syv\u00e4kosteutusta ja pitk\u00e4kestoista hoitoa huulille.<\/p>\n<p>Koostumus sis\u00e4lt\u00e4\u00e4 sheavoita, kookos\u00f6ljy\u00e4 ja E-vitamiinia, jotka yhdess\u00e4 suojaavat huulia kuivumiselta ja pit\u00e4v\u00e4t ne pehme\u00e4n\u00e4.<\/p>\n<p>Espresso-s\u00e4vy antaa huulille hienovaraisen, l\u00e4mpim\u00e4n s\u00e4vyn.<\/p>\n<p>Vegaaninen ja el\u00e4inkokeilematon.<\/p>\n","protected":false},"featured_media":4987,"comment_status":"open","ping_status":"closed","template":"","meta":{"_seopress_robots_primary_cat":"none","_seopress_titles_title":"Helioux Lip Butter huulivoide Espresso","_seopress_titles_desc":"Helioux Lip Butter Espresso on ravintorikkaista ainesosista valmistettu huulivoide, joka kosteuttaa ja hoitaa huulia syv\u00e4sti.","_seopress_robots_index":"","_gspb_post_css":""},"product_brand":[],"product_cat":[54],"product_tag":[],"class_list":{"0":"post-4986","1":"product","2":"type-product","3":"status-publish","4":"has-post-thumbnail","6":"product_cat-kauneustuotteet","8":"first","9":"instock","10":"taxable","11":"shipping-taxable","12":"purchasable","13":"product-type-simple"},"_links":{"self":[{"href":"https:\/\/solara.ee\/fi\/wp-json\/wp\/v2\/product\/4986","targetHints":{"allow":["GET"]}}],"collection":[{"href":"https:\/\/solara.ee\/fi\/wp-json\/wp\/v2\/product"}],"about":[{"href":"https:\/\/solara.ee\/fi\/wp-json\/wp\/v2\/types\/product"}],"replies":[{"embeddable":true,"href":"https:\/\/solara.ee\/fi\/wp-json\/wp\/v2\/comments?post=4986"}],"wp:featuredmedia":[{"embeddable":true,"href":"https:\/\/solara.ee\/fi\/wp-json\/wp\/v2\/media\/4987"}],"wp:attachment":[{"href":"https:\/\/solara.ee\/fi\/wp-json\/wp\/v2\/media?parent=4986"}],"wp:term":[{"taxonomy":"product_brand","embeddable":true,"href":"https:\/\/solara.ee\/fi\/wp-json\/wp\/v2\/product_brand?post=4986"},{"taxonomy":"product_cat","embeddable":true,"href":"https:\/\/solara.ee\/fi\/wp-json\/wp\/v2\/product_cat?post=4986"},{"taxonomy":"product_tag","embeddable":true,"href":"https:\/\/solara.ee\/fi\/wp-json\/wp\/v2\/product_tag?post=4986"}],"curies":[{"name":"wp","href":"https:\/\/api.w.org\/{rel}","templated":true}]}}