{"id":4982,"date":"2025-04-21T11:09:30","date_gmt":"2025-04-21T08:09:30","guid":{"rendered":"https:\/\/solara.ee\/pood\/helioux-setting-powder-kiinnityspuuteri\/"},"modified":"2026-03-11T11:03:34","modified_gmt":"2026-03-11T09:03:34","slug":"helioux-setting-powder-kiinnityspuuteri","status":"publish","type":"product","link":"https:\/\/solara.ee\/fi\/pood\/helioux-setting-powder-kiinnityspuuteri\/","title":{"rendered":"HELIOUX SETTING POWDER KIINNITYSPUUTERI"},"content":{"rendered":"<p><strong>K\u00c4YTT\u00d6OHJE:<\/strong><\/p>\n<ol>\n<li>Meikkivoiteen tai pohjameikin j\u00e4lkeen ota siveltimell\u00e4 tai puffilla kevyt m\u00e4\u00e4r\u00e4 puuteria.<\/li>\n<li>Levit\u00e4 puuteri hell\u00e4sti koko kasvoille tai kohdista T-alueelle ja niille alueille, jotka kiilt\u00e4v\u00e4t eniten.<\/li>\n<li>Parhaan tuloksen saavuttamiseksi levit\u00e4 puuteri kevyesti painellen, \u00e4l\u00e4 hiero.<\/li>\n<\/ol>\n","protected":false},"excerpt":{"rendered":"<p>Helioux Setting Powder on kevyt ja mattapintainen kiinnityspuuteri, joka kiinnitt\u00e4\u00e4 meikin koko p\u00e4iv\u00e4ksi. Se kontrolloi kiiltoa ja tasoittaa ihon rakennetta, antaen meikille ammattimaisen ja kest\u00e4v\u00e4n viimeistelyn.<\/p>\n<p>Sopii kaikille ihotyypeille ja -s\u00e4vyille. Vegaaninen ja el\u00e4inkokeilematon.<\/p>\n","protected":false},"featured_media":4983,"comment_status":"open","ping_status":"closed","template":"","meta":{"_seopress_robots_primary_cat":"none","_seopress_titles_title":"Helioux Setting Powder kiinnityspuuteri","_seopress_titles_desc":"Helioux Setting Powder on kevyt ja mattapintainen kiinnityspuuteri, joka kiinnitt\u00e4\u00e4 meikin koko p\u00e4iv\u00e4ksi. Vegaaninen ja el\u00e4inkokeilematon.","_seopress_robots_index":"","_gspb_post_css":""},"product_brand":[],"product_cat":[54],"product_tag":[],"class_list":{"0":"post-4982","1":"product","2":"type-product","3":"status-publish","4":"has-post-thumbnail","6":"product_cat-kauneustuotteet","8":"first","9":"instock","10":"taxable","11":"shipping-taxable","12":"purchasable","13":"product-type-simple"},"_links":{"self":[{"href":"https:\/\/solara.ee\/fi\/wp-json\/wp\/v2\/product\/4982","targetHints":{"allow":["GET"]}}],"collection":[{"href":"https:\/\/solara.ee\/fi\/wp-json\/wp\/v2\/product"}],"about":[{"href":"https:\/\/solara.ee\/fi\/wp-json\/wp\/v2\/types\/product"}],"replies":[{"embeddable":true,"href":"https:\/\/solara.ee\/fi\/wp-json\/wp\/v2\/comments?post=4982"}],"wp:featuredmedia":[{"embeddable":true,"href":"https:\/\/solara.ee\/fi\/wp-json\/wp\/v2\/media\/4983"}],"wp:attachment":[{"href":"https:\/\/solara.ee\/fi\/wp-json\/wp\/v2\/media?parent=4982"}],"wp:term":[{"taxonomy":"product_brand","embeddable":true,"href":"https:\/\/solara.ee\/fi\/wp-json\/wp\/v2\/product_brand?post=4982"},{"taxonomy":"product_cat","embeddable":true,"href":"https:\/\/solara.ee\/fi\/wp-json\/wp\/v2\/product_cat?post=4982"},{"taxonomy":"product_tag","embeddable":true,"href":"https:\/\/solara.ee\/fi\/wp-json\/wp\/v2\/product_tag?post=4982"}],"curies":[{"name":"wp","href":"https:\/\/api.w.org\/{rel}","templated":true}]}}