{"id":4977,"date":"2025-12-13T10:32:41","date_gmt":"2025-12-13T08:32:41","guid":{"rendered":"https:\/\/solara.ee\/pood\/helioux-lip-butter-set-huulivoide-setti\/"},"modified":"2026-03-11T11:03:34","modified_gmt":"2026-03-11T09:03:34","slug":"helioux-lip-butter-set-huulivoide-setti","status":"publish","type":"product","link":"https:\/\/solara.ee\/fi\/pood\/helioux-lip-butter-set-huulivoide-setti\/","title":{"rendered":"HELIOUX LIP BUTTER SET HUULIVOIDE SETTI"},"content":{"rendered":"<p><strong>K\u00c4YTT\u00d6OHJE:<\/strong><\/p>\n<ol>\n<li>Levit\u00e4 ohut kerros huulivoide puhtaille ja kuiville huulille.<\/li>\n<li>Voidetta voi k\u00e4ytt\u00e4\u00e4 p\u00e4iv\u00e4n aikana niin usein kuin tarvitset.<\/li>\n<li>Sopii my\u00f6s y\u00f6n yli huulten tehohoitoon.<\/li>\n<\/ol>\n","protected":false},"excerpt":{"rendered":"<p>Helioux Lip Butter Set sis\u00e4lt\u00e4\u00e4 kolme ylellisen kosteuttavaa huulivoidetta ravintorikkaissa s\u00e4vyiss\u00e4: Espresso, Birthday Cake ja Vanilla Cream.<\/p>\n<p>Jokainen huulivoide on valmistettu luonnollisista ainesosista, kuten sheavoista, kookos\u00f6ljyst\u00e4 ja E-vitamiinista, jotka yhdess\u00e4 tarjoavat syv\u00e4kosteutusta ja suojaavat huulia kuivumiselta.<\/p>\n<p>Kaikki kolme huulivoidetta ovat vegaanisia ja el\u00e4inkokeettomia.<\/p>\n<p>Setti sopii t\u00e4ydellisesti lahjaksi tai eri makujen kokeiluun!<\/p>\n","protected":false},"featured_media":4978,"comment_status":"open","ping_status":"closed","template":"","meta":{"_seopress_robots_primary_cat":"none","_seopress_titles_title":"","_seopress_titles_desc":"","_seopress_robots_index":"","_gspb_post_css":""},"product_brand":[],"product_cat":[54,53],"product_tag":[],"class_list":{"0":"post-4977","1":"product","2":"type-product","3":"status-publish","4":"has-post-thumbnail","6":"product_cat-kauneustuotteet","7":"product_cat-setit","9":"first","10":"instock","11":"sale","12":"taxable","13":"shipping-taxable","14":"purchasable","15":"product-type-simple"},"_links":{"self":[{"href":"https:\/\/solara.ee\/fi\/wp-json\/wp\/v2\/product\/4977","targetHints":{"allow":["GET"]}}],"collection":[{"href":"https:\/\/solara.ee\/fi\/wp-json\/wp\/v2\/product"}],"about":[{"href":"https:\/\/solara.ee\/fi\/wp-json\/wp\/v2\/types\/product"}],"replies":[{"embeddable":true,"href":"https:\/\/solara.ee\/fi\/wp-json\/wp\/v2\/comments?post=4977"}],"wp:featuredmedia":[{"embeddable":true,"href":"https:\/\/solara.ee\/fi\/wp-json\/wp\/v2\/media\/4978"}],"wp:attachment":[{"href":"https:\/\/solara.ee\/fi\/wp-json\/wp\/v2\/media?parent=4977"}],"wp:term":[{"taxonomy":"product_brand","embeddable":true,"href":"https:\/\/solara.ee\/fi\/wp-json\/wp\/v2\/product_brand?post=4977"},{"taxonomy":"product_cat","embeddable":true,"href":"https:\/\/solara.ee\/fi\/wp-json\/wp\/v2\/product_cat?post=4977"},{"taxonomy":"product_tag","embeddable":true,"href":"https:\/\/solara.ee\/fi\/wp-json\/wp\/v2\/product_tag?post=4977"}],"curies":[{"name":"wp","href":"https:\/\/api.w.org\/{rel}","templated":true}]}}