{"id":5079,"date":"2023-12-01T13:15:33","date_gmt":"2023-12-01T11:15:33","guid":{"rendered":"https:\/\/solara.ee\/tietosuojakaytanto\/"},"modified":"2026-03-11T11:03:38","modified_gmt":"2026-03-11T09:03:38","slug":"tietosuojakaytanto","status":"publish","type":"page","link":"https:\/\/solara.ee\/fi\/tietosuojakaytanto\/","title":{"rendered":"Tietosuojak\u00e4yt\u00e4nt\u00f6"},"content":{"rendered":"\n<h2 class=\"wp-block-heading\" id=\"who-we-are\"><strong>K\u00e4sitteet<\/strong><\/h2>\n\n<p>Henkil\u00f6tietojen k\u00e4sittely on kaikki verkkosivuston k\u00e4ytt\u00e4j\u00e4n (j\u00e4ljemp\u00e4n\u00e4 k\u00e4ytt\u00e4j\u00e4) henkil\u00f6tietoihin kohdistuvat toimet \u2013 tietojen ker\u00e4\u00e4minen, k\u00e4sittely, tallentaminen, korjaaminen tai poistaminen.<\/p>\n\n<p>K\u00e4ytt\u00e4ji\u00e4 ovat kaikki henkil\u00f6t, jotka vierailevat verkkosivustolla, k\u00e4ytt\u00e4v\u00e4t palveluita tai toimittavat Solaralle tietoja. Esimerkiksi artikkelien lukeminen, palveluiden tilaaminen tai yhteydenotto Solaraan s\u00e4hk\u00f6postitse.<\/p>\n\n<p>Palvelut ovat kaikki Solaran tarjoamat maksuttomat ja maksulliset tuotteet ja palvelut.<br\/><\/p>\n\n<h2 class=\"wp-block-heading\" id=\"isikuandmete-tootlemine\"><strong>Henkil\u00f6tietojen k\u00e4sittely<\/strong><\/h2>\n\n<p>K\u00e4ytt\u00e4m\u00e4ll\u00e4 verkkosivustoa k\u00e4ytt\u00e4j\u00e4 antaa suostumuksensa tietojensa k\u00e4sittelyyn n\u00e4iden tietosuojaehtojen mukaisesti.<\/p>\n\n<p>Solara ker\u00e4\u00e4 verkkosivuston kautta seuraavia k\u00e4ytt\u00e4jien henkil\u00f6tietoja seuraavilla tavoilla:<br\/>\u2022 <strong>k\u00e4ytt\u00e4j\u00e4nimi ja s\u00e4hk\u00f6postiosoite, puhelin<\/strong> \u2013 k\u00e4ytt\u00e4j\u00e4n tehdess\u00e4 tiedustelun;<br\/>\u2022 <strong>etu- ja sukunimi, s\u00e4hk\u00f6postiosoite, puhelin ja postiosoite<\/strong> \u2013 tavaran toimittamiseksi k\u00e4ytt\u00e4j\u00e4lle;<\/p>\n\n<h2 class=\"wp-block-heading\" id=\"isikuandmete-kasutamine\"><strong>Henkil\u00f6tietojen k\u00e4ytt\u00f6<\/strong><\/h2>\n\n<p>Solara k\u00e4ytt\u00e4\u00e4 henkil\u00f6tietoja:<br\/>\u2022 palvelun tarjoamiseksi k\u00e4ytt\u00e4j\u00e4lle, esimerkiksi sopimuksen solmimiseen ja t\u00e4ytt\u00e4miseen, yhteydenpitoon k\u00e4ytt\u00e4j\u00e4n kanssa, laskujen toimittamiseen;<\/p>\n\n<p>\u2022 k\u00e4ytt\u00e4j\u00e4n s\u00e4hk\u00f6postiosoitteeseen <strong>ilmoitusten l\u00e4hett\u00e4miseksi<\/strong> uusista artikkeleista, palveluista ja kampanjoista, mutta vain k\u00e4ytt\u00e4j\u00e4n ennakkosuostumuksella.<\/p>\n\n<p>K\u00e4ytt\u00e4j\u00e4ll\u00e4 on milloin tahansa oikeus kielt\u00e4\u00e4 henkil\u00f6tietojensa k\u00e4sittely, paitsi jos se on tarpeen sopimuksesta johtuvan vaatimuksen t\u00e4ytt\u00e4miseksi, mukaan lukien palvelun tarjoaminen.<\/p>\n\n<h2 class=\"wp-block-heading\" id=\"isikuandmete-edastamine-kolmandatele-isikutele\"><strong>Henkil\u00f6tietojen luovuttaminen kolmansille osapuolille<\/strong><\/h2>\n\n<p><strong>Kolmas osapuoli<\/strong> on Solaran sopimuskumppani, joka k\u00e4sittelee henkil\u00f6tietoja ja jonka tuotteen tai palvelun avulla Solara tarjoaa k\u00e4ytt\u00e4j\u00e4lle palveluita.<br\/>Solara k\u00e4ytt\u00e4\u00e4 p\u00e4ivitt\u00e4isess\u00e4 toiminnassaan kolmansia osapuolia, jotka tarjoavat:<br\/>\u2022 paketin l\u00e4hetyspalvelua asiakkaalle,<\/p>\n\n<p>Edell\u00e4 mainitussa kohdassa nimettujen kolmansien osapuolten lis\u00e4ksi Solara luovuttaa k\u00e4ytt\u00e4j\u00e4n henkil\u00f6tietoja yhteisty\u00f6kumppanille. T\u00e4m\u00e4 tapahtuu vain siin\u00e4 laajuudessa, joka on tarpeen palvelun tarjoamiseksi k\u00e4ytt\u00e4j\u00e4lle.<\/p>\n\n<h2 class=\"wp-block-heading\" id=\"isikuandmete-turvalisus-ja-sailitamine\"><strong>Henkil\u00f6tietojen turvallisuus ja s\u00e4ilytt\u00e4minen<\/strong><\/h2>\n\n<p>Solara s\u00e4ilytt\u00e4\u00e4 henkil\u00f6tietoja niin kauan kuin se on tarkoituksen t\u00e4ytt\u00e4miseksi tai lain mukaan tarpeen. Esimerkiksi kirjanpitotietoja s\u00e4ilytet\u00e4\u00e4n 7 vuotta tilikauden p\u00e4\u00e4ttymisest\u00e4 tai kunnes k\u00e4ytt\u00e4j\u00e4 itse ilmaisee halunsa tietojen poistamiseen.<\/p>\n\n<p>Solara toteuttaa kaikki kohtuulliset toimenpiteet k\u00e4sitelt\u00e4vien henkil\u00f6tietojen suojaamiseksi. P\u00e4\u00e4sy henkil\u00f6tietojen muuttamiseen ja k\u00e4sittelyyn on vain siihen valtuutetuilla henkil\u00f6ill\u00e4, ja kaikkien k\u00e4ytt\u00e4jien henkil\u00f6tietoja k\u00e4sitell\u00e4\u00e4n luottamuksellisena tietona.<\/p>\n\n<h2 class=\"wp-block-heading\" id=\"kasutaja-oigused\"><strong>K\u00e4ytt\u00e4j\u00e4n oikeudet<\/strong><\/h2>\n\n<p>K\u00e4ytt\u00e4j\u00e4ll\u00e4 on oikeus milloin tahansa:<br\/>\u2022 ilmaista halu p\u00e4\u00e4st\u00e4 k\u00e4siksi omiin tietoihinsa;<br\/>\u2022 vaatia henkil\u00f6tietojen korjaamista, t\u00e4ydent\u00e4mist\u00e4 tai laissa s\u00e4\u00e4detyiss\u00e4 tapauksissa poistamista;<br\/>\u2022 vaatia henkil\u00f6tietojen k\u00e4sittelyn rajoittamista;<br\/>\u2022 vaatia henkil\u00f6tietojen siirt\u00e4mist\u00e4.<\/p>\n\n<p>Oikeuksiensa k\u00e4ytt\u00e4miseksi k\u00e4ytt\u00e4j\u00e4n tulee l\u00e4hett\u00e4\u00e4 s\u00e4hk\u00f6postiosoitteeseen info@solara.ee vastaava pyynt\u00f6.<\/p>\n\n<p>Ev\u00e4steiden k\u00e4yt\u00f6n rajoittamiseksi k\u00e4ytt\u00e4j\u00e4 voi tehd\u00e4 vastaavat valinnat verkkoselaimensa asetuksissa.<br\/>Jos k\u00e4ytt\u00e4j\u00e4 uskoo, ett\u00e4 h\u00e4nen oikeuksiaan on loukattu henkil\u00f6tietojen k\u00e4sittelyss\u00e4, h\u00e4nell\u00e4 on oikeus k\u00e4\u00e4nty\u00e4 tietosuojaviranomaisen puoleen.<\/p>\n\n<h2 class=\"wp-block-heading\" id=\"kupsised\"><strong>Ev\u00e4steet<\/strong><\/h2>\n\n<p>Ev\u00e4steet (Cookies) ovat tekstitiedostoja, jotka tallennetaan k\u00e4ytt\u00e4j\u00e4n tietokoneelle ja jotka muistavat k\u00e4ytt\u00e4j\u00e4n verkkosivustolla sy\u00f6tt\u00e4m\u00e4t tiedot.<\/p>\n\n<p>Verkkosivusto k\u00e4ytt\u00e4\u00e4 ev\u00e4steit\u00e4 sivustolla tapahtuvan liikenteen analysoimiseksi ja sit\u00e4 kautta sivuston k\u00e4ytt\u00f6mukavuuden parantamiseksi tulevaisuudessa.<\/p>\n\n<h2 class=\"wp-block-heading\" id=\"privaatsustingimuste-muutmine\"><strong>Tietosuojaehtojen muuttaminen<\/strong><\/h2>\n\n<p>Solara pid\u00e4tt\u00e4\u00e4 itsell\u00e4\u00e4n oikeuden muuttaa tietosuojaehtoja yksipuolisesti ja ilman ennakkoilmoitusta varmistaakseen niiden lainmukaisuuden. Tietosuojaehdot ovat uusimmassa versiossaan aina saatavilla verkkosivustolla.<\/p>\n\n<p>Kaikkiin tietosuojaehtoihin ja tietojenk\u00e4sittelyyn liittyviin kysymyksiin pyyd\u00e4mme ottamaan yhteytt\u00e4 osoitteeseen info@solara.ee.<\/p>\n","protected":false},"excerpt":{"rendered":"<p>K\u00e4sitteet Henkil\u00f6tietojen k\u00e4sittely on kaikki verkkosivuston k\u00e4ytt\u00e4j\u00e4n (j\u00e4ljemp\u00e4n\u00e4 k\u00e4ytt\u00e4j\u00e4) henkil\u00f6tietoihin kohdistuvat toimet \u2013 tietojen ker\u00e4\u00e4minen, k\u00e4sittely, tallentaminen, korjaaminen tai poistaminen. K\u00e4ytt\u00e4ji\u00e4 ovat kaikki henkil\u00f6t, jotka vierailevat verkkosivustolla, k\u00e4ytt\u00e4v\u00e4t palveluita tai toimittavat Solaralle tietoja. Esimerkiksi artikkelien lukeminen, palveluiden tilaaminen tai yhteydenotto Solaraan s\u00e4hk\u00f6postitse. Palvelut ovat kaikki Solaran tarjoamat maksuttomat ja maksulliset tuotteet ja palvelut. Henkil\u00f6tietojen k\u00e4sittely [&hellip;]<\/p>\n","protected":false},"author":2,"featured_media":0,"parent":0,"menu_order":0,"comment_status":"closed","ping_status":"open","template":"","meta":{"_seopress_robots_primary_cat":"","_seopress_titles_title":"","_seopress_titles_desc":"","_seopress_robots_index":"","_gspb_post_css":"","footnotes":""},"class_list":["post-5079","page","type-page","status-publish"],"blocksy_meta":[],"_links":{"self":[{"href":"https:\/\/solara.ee\/fi\/wp-json\/wp\/v2\/pages\/5079","targetHints":{"allow":["GET"]}}],"collection":[{"href":"https:\/\/solara.ee\/fi\/wp-json\/wp\/v2\/pages"}],"about":[{"href":"https:\/\/solara.ee\/fi\/wp-json\/wp\/v2\/types\/page"}],"author":[{"embeddable":true,"href":"https:\/\/solara.ee\/fi\/wp-json\/wp\/v2\/users\/2"}],"replies":[{"embeddable":true,"href":"https:\/\/solara.ee\/fi\/wp-json\/wp\/v2\/comments?post=5079"}],"version-history":[{"count":0,"href":"https:\/\/solara.ee\/fi\/wp-json\/wp\/v2\/pages\/5079\/revisions"}],"wp:attachment":[{"href":"https:\/\/solara.ee\/fi\/wp-json\/wp\/v2\/media?parent=5079"}],"curies":[{"name":"wp","href":"https:\/\/api.w.org\/{rel}","templated":true}]}}