{"id":5073,"date":"2025-12-28T16:16:40","date_gmt":"2025-12-28T14:16:40","guid":{"rendered":"https:\/\/solara.ee\/suihkurusketus\/"},"modified":"2026-03-11T11:03:38","modified_gmt":"2026-03-11T09:03:38","slug":"suihkurusketus","status":"publish","type":"page","link":"https:\/\/solara.ee\/fi\/suihkurusketus\/","title":{"rendered":"Suihkurusketus"},"content":{"rendered":"\n<p><\/p>\n\n<figure class=\"wp-block-image size-large is-resized\"><img loading=\"lazy\" decoding=\"async\" width=\"819\" height=\"1024\" src=\"https:\/\/solara.ee\/wp-content\/uploads\/2026\/01\/solara-stuudio-spreipaevitus-819x1024.jpg\" alt=\"Solara Studion suihkurusketus\" class=\"wp-image-4368\" style=\"width:360px;height:auto\" srcset=\"https:\/\/solara.ee\/wp-content\/uploads\/2026\/01\/solara-stuudio-spreipaevitus-819x1024.jpg 819w, https:\/\/solara.ee\/wp-content\/uploads\/2026\/01\/solara-stuudio-spreipaevitus-240x300.jpg 240w, https:\/\/solara.ee\/wp-content\/uploads\/2026\/01\/solara-stuudio-spreipaevitus-768x960.jpg 768w, https:\/\/solara.ee\/wp-content\/uploads\/2026\/01\/solara-stuudio-spreipaevitus-500x625.jpg 500w, https:\/\/solara.ee\/wp-content\/uploads\/2026\/01\/solara-stuudio-spreipaevitus-600x750.jpg 600w, https:\/\/solara.ee\/wp-content\/uploads\/2026\/01\/solara-stuudio-spreipaevitus.jpg 1200w\" sizes=\"auto, (max-width: 819px) 100vw, 819px\" \/><\/figure>\n\n<p>Kotona k\u00e4ytett\u00e4vien Helioux itseruskettavien tuotteiden lis\u00e4ksi tarjoamme my\u00f6s ammattimaista suihkurusketuspalvelua <strong>Solara Studiossa<\/strong>, osoitteessa Veski tn 4, Kiili. Helppo p\u00e4\u00e4sy ja ILMAINEN pys\u00e4k\u00f6inti aivan talon edess\u00e4.<\/p>\n\n<p><strong>Suihkurusketus on nopea ja ihoyst\u00e4v\u00e4llinen tapa saavuttaa kaunis, luonnollinen ja tasainen hehku ymp\u00e4ri vuoden, ilman aurinkoa.<\/strong> Suihkurusketus sopii erinomaisesti jokaiseen tilaisuuteen \u2013 ennen juhlia, h\u00e4it\u00e4, lomaa tai yksinkertaisesti arjen itsevarmuuden ja s\u00e4teilyn lis\u00e4\u00e4miseen.<\/p>\n\n<p>K\u00e4yt\u00e4mme 100% vegaanisia ja luomu Naked Tan -rusketusnesteit\u00e4, jotka ovat sokeriruokopohjaisia ja sis\u00e4lt\u00e4v\u00e4t aloe veraa, E-vitamiinia ja kookos\u00f6ljy\u00e4. Ne kosteuttavat ihoa, auttavat hehkua kest\u00e4m\u00e4\u00e4n pidemp\u00e4\u00e4n ja takaavat tasaisen haalistumisen.<\/p>\n\n<p> <strong>Ajan suihkurusketukseen voit varata<\/strong> : <a href=\"https:\/\/broneerimine.timma.ee\/solarastuudio\" target=\"_blank\" rel=\"noopener noreferrer nofollow\">https:\/\/broneerimine.timma.ee\/solarastuudio<\/a><\/p>\n\n<p><strong>Lis\u00e4tietoja tai jos et l\u00f6yd\u00e4 sopivaa aikaa, kirjoita:<br\/><\/strong>info@solara.ee tai <a href=\"https:\/\/www.instagram.com\/solarastuudio\/\" data-type=\"link\" data-id=\"https:\/\/www.instagram.com\/solarastuudio\/\" target=\"_blank\" rel=\"noopener noreferrer nofollow\">Solara Studion Instagramiin<\/a> tai <a href=\"https:\/\/www.facebook.com\/profile.php?id=61585964250489\" data-type=\"link\" data-id=\"https:\/\/www.facebook.com\/profile.php?id=61585964250489\" target=\"_blank\" rel=\"noopener noreferrer nofollow\">Facebookiin<\/a> viestill\u00e4.<\/p>\n\n<figure class=\"wp-block-image size-large is-resized\"><img loading=\"lazy\" decoding=\"async\" width=\"738\" height=\"1024\" src=\"https:\/\/solara.ee\/wp-content\/uploads\/2026\/01\/bca81413ecdc6cd6f29d66aa98590eb2-1-738x1024.jpg\" alt=\"\" class=\"wp-image-4369\" style=\"aspect-ratio:0.7211538461538461;width:361px;height:auto\" srcset=\"https:\/\/solara.ee\/wp-content\/uploads\/2026\/01\/bca81413ecdc6cd6f29d66aa98590eb2-1-738x1024.jpg 738w, https:\/\/solara.ee\/wp-content\/uploads\/2026\/01\/bca81413ecdc6cd6f29d66aa98590eb2-1-216x300.jpg 216w, https:\/\/solara.ee\/wp-content\/uploads\/2026\/01\/bca81413ecdc6cd6f29d66aa98590eb2-1-768x1065.jpg 768w, https:\/\/solara.ee\/wp-content\/uploads\/2026\/01\/bca81413ecdc6cd6f29d66aa98590eb2-1-1108x1536.jpg 1108w, https:\/\/solara.ee\/wp-content\/uploads\/2026\/01\/bca81413ecdc6cd6f29d66aa98590eb2-1-500x693.jpg 500w, https:\/\/solara.ee\/wp-content\/uploads\/2026\/01\/bca81413ecdc6cd6f29d66aa98590eb2-1-600x832.jpg 600w, https:\/\/solara.ee\/wp-content\/uploads\/2026\/01\/bca81413ecdc6cd6f29d66aa98590eb2-1.jpg 1200w\" sizes=\"auto, (max-width: 738px) 100vw, 738px\" \/><\/figure>\n\n<p><strong><em>Usein kysytyt kysymykset<\/em><\/strong><\/p>\n\n<ul class=\"wp-block-list\">\n<li><strong>Paljonko suihkurusketus maksaa salongissa?<\/strong> Koko kehon suihkurusketus maksaa 30 \u20ac. Ensimm\u00e4isell\u00e4 k\u00e4yntikerralla tutustumishinta on 25 \u20ac.<\/li>\n<\/ul>\n\n<ul class=\"wp-block-list\">\n<li><strong><strong>Mit\u00e4 tulee tehd\u00e4 ennen suihkurusketusta?<\/strong><\/strong> 24\u201348 tuntia ennen k\u00e4ynti\u00e4 kuori iho perusteellisesti. Ajelun tai vahauksen ja suihkurusketuksen v\u00e4liin tulee j\u00e4\u00e4d\u00e4 v\u00e4hint\u00e4\u00e4n 24 tuntia. K\u00e4yntip\u00e4iv\u00e4n\u00e4 \u00e4l\u00e4 k\u00e4yt\u00e4 \u00f6ljyisi\u00e4 vartalovoiteita, vartalovoidetta tai \u00f6ljyj\u00e4. V\u00e4lt\u00e4 deodorantin ja hajuveden k\u00e4ytt\u00f6\u00e4. Studiossa on saatavilla my\u00f6s kosteuspyyhkeit\u00e4, jotta voit tarvittaessa puhdistaa ihosi paikan p\u00e4\u00e4ll\u00e4. Lis\u00e4ksi on mukavinta tulla k\u00e4yntiin tummissa ja v\u00e4ljiss\u00e4 vaatteissa.<\/li>\n<\/ul>\n\n<ul class=\"wp-block-list\">\n<li><strong>Miksi ja mill\u00e4 ihoa tulisi kuoria? <\/strong>Ennen suihkurusketusta kuorinta on yksi t\u00e4rkeimmist\u00e4 vaiheista. Kuorinta auttaa poistamaan kuolleet ihosolut, jolloin hehku j\u00e4\u00e4 tasaiseksi, kest\u00e4\u00e4 pidemp\u00e4\u00e4n ja haalistuu luonnollisesti. Kuorintaan suosittelemme esimerkiksi <strong><a href=\"https:\/\/solara.ee\/fi\/pood\/helioux-kaksipuolinen-kuorintakinnas\/\" data-type=\"link\" data-id=\"https:\/\/solara.ee\/pood\/kahepoolne-koorimiskinnas\/\">Helioux ainutlaatuista kuorintakinnasta.<\/a><\/strong> Tehokkaaseen kehon kuorintaan riitt\u00e4\u00e4 pelkk\u00e4 vesi ja kuorintakinnas, lis\u00e4tuotteita ei tarvita. On t\u00e4rke\u00e4\u00e4 v\u00e4ltt\u00e4\u00e4 \u00f6ljypohjaisia kuorintavoiteita, sill\u00e4 ne j\u00e4tt\u00e4v\u00e4t iholle kerroksen, joka voi est\u00e4\u00e4 rusketuksen tasaisen kiinnittymisen.<\/li>\n<\/ul>\n\n<ul class=\"wp-block-list\">\n<li><strong>Kuinka kauan rusketusta t\u00e4ytyy pit\u00e4\u00e4 iholla ennen pesemist\u00e4?<\/strong> Naked Tanin pikarusketus-nesteill\u00e4 voit pest\u00e4 sen pois jo 2\u20134 tuntia k\u00e4ynnin j\u00e4lkeen. Suihkurusketusta ei suositella pidett\u00e4v\u00e4n iholla yli 6 tuntia, muuten rusketuksen oikea s\u00e4vy voi muuttua. Rusketuksen pesemisen j\u00e4lkeen s\u00e4vy voimistuu iholla seuraavat 24 tuntia, eli vasta silloin n\u00e4kyy rusketuksen todellinen tulos.<\/li>\n<\/ul>\n\n<ul class=\"wp-block-list\">\n<li><strong><strong>Kuinka kauan suihkurusketus kest\u00e4\u00e4?<\/strong><\/strong> Oikealla valmistelulla ja j\u00e4lkihoidolla suihkurusketus kest\u00e4\u00e4 iholla 7\u201310 p\u00e4iv\u00e4\u00e4. Jos k\u00e4yt\u00e4t rusketusta pident\u00e4v\u00e4\u00e4 <a href=\"https:\/\/solara.ee\/fi\/pood\/helioux-itseruskettava-vartalovoide\/\" data-type=\"link\" data-id=\"https:\/\/solara.ee\/pood\/isepruunistav-kehavoie\/\"><strong>Helioux itseruskettavaa vartalovoidetta<\/strong><\/a>, hehku voi kest\u00e4\u00e4 jopa 2 viikkoa.<\/li>\n<\/ul>\n\n<ul class=\"wp-block-list\">\n<li><strong>Haalistuuko rusketus l\u00e4ikik\u00e4\u00e4sti?<\/strong> Ei haalistu, sill\u00e4 kyseess\u00e4 on orgaaninen suihkurusketus, joka ei sis\u00e4ll\u00e4 alkoholia (alkoholipohjaiset rusketunesteet sen sijaan kuivattavat ihoa). Kaikissa Naked Tanin tuotteissa on kookos\u00f6ljy\u00e4, E-vitamiinia ja aloe veraa, jotka syv\u00e4kosteuttavat ihoasi tasaisen haalistumisen takaamiseksi. Rusketus haalistuu vaalentuen asteittain, mutta ei l\u00e4ikik\u00e4\u00e4sti.<\/li>\n<\/ul>\n\n<ul class=\"wp-block-list\">\n<li><strong>Pit\u00e4\u00e4k\u00f6 suihkurusketuksen aikana olla alasti?<\/strong> Asiakkaan toiveen mukaan. Annamme asiakkaalle kertak\u00e4ytt\u00f6iset stringit, mutta halutessaan rusketuksen voi tehd\u00e4 my\u00f6s bikiniss\u00e4 tai omissa alusvaatteissa. Jos haluat rusketuksen ilman rajoja, suosittelemme olemaan alasti. Ja \u00e4l\u00e4 huolehdi tai h\u00e4peile, tavoitteenamme on saada sinut tuntemaan olosi entist\u00e4 paremmaksi ja mukavammaksi omassa kehossasi. Miehi\u00e4 pyyd\u00e4mme laittamaan jalkaansa omat tummat bokserit tai alushousut rusketuksen ajaksi. <\/li>\n<\/ul>\n\n<ul class=\"wp-block-list\">\n<li><strong>Kuinka kauan suihkurusketusk\u00e4ynti kest\u00e4\u00e4?<\/strong> Suihkurusketusk\u00e4ynti kest\u00e4\u00e4 kokonaisuudessaan noin 20 minuuttia. Sen j\u00e4lkeen voit heti pukeutua ja palata askareisiisi. <\/li>\n<\/ul>\n\n<p><\/p>\n\n<p><\/p>\n\n<p><\/p>\n","protected":false},"excerpt":{"rendered":"<p>Kotona k\u00e4ytett\u00e4vien Helioux itseruskettavien tuotteiden lis\u00e4ksi tarjoamme my\u00f6s ammattimaista suihkurusketuspalvelua Solara Studiossa, osoitteessa Veski tn 4, Kiili. Helppo p\u00e4\u00e4sy ja ILMAINEN pys\u00e4k\u00f6inti aivan talon edess\u00e4. Suihkurusketus on nopea ja ihoyst\u00e4v\u00e4llinen tapa saavuttaa kaunis, luonnollinen ja tasainen hehku ymp\u00e4ri vuoden, ilman aurinkoa. Suihkurusketus sopii erinomaisesti jokaiseen tilaisuuteen \u2013 ennen juhlia, h\u00e4it\u00e4, lomaa tai yksinkertaisesti arjen itsevarmuuden [&hellip;]<\/p>\n","protected":false},"author":3,"featured_media":0,"parent":0,"menu_order":0,"comment_status":"closed","ping_status":"closed","template":"","meta":{"_seopress_robots_primary_cat":"","_seopress_titles_title":"Ammattimainen suihkurusketus Solara Studiossa","_seopress_titles_desc":"Nopea ja ihoyst\u00e4v\u00e4llinen tapa saavuttaa kaunis hehku ilman aurinkoa. Suihkurusketus sopii erinomaisesti ennen juhlia, h\u00e4it\u00e4, lomaa tai yksinkertaisesti arjen itsevarmuuden lis\u00e4\u00e4miseen.","_seopress_robots_index":"","_gspb_post_css":"","footnotes":""},"class_list":["post-5073","page","type-page","status-publish"],"blocksy_meta":[],"_links":{"self":[{"href":"https:\/\/solara.ee\/fi\/wp-json\/wp\/v2\/pages\/5073","targetHints":{"allow":["GET"]}}],"collection":[{"href":"https:\/\/solara.ee\/fi\/wp-json\/wp\/v2\/pages"}],"about":[{"href":"https:\/\/solara.ee\/fi\/wp-json\/wp\/v2\/types\/page"}],"author":[{"embeddable":true,"href":"https:\/\/solara.ee\/fi\/wp-json\/wp\/v2\/users\/3"}],"replies":[{"embeddable":true,"href":"https:\/\/solara.ee\/fi\/wp-json\/wp\/v2\/comments?post=5073"}],"version-history":[{"count":0,"href":"https:\/\/solara.ee\/fi\/wp-json\/wp\/v2\/pages\/5073\/revisions"}],"wp:attachment":[{"href":"https:\/\/solara.ee\/fi\/wp-json\/wp\/v2\/media?parent=5073"}],"curies":[{"name":"wp","href":"https:\/\/api.w.org\/{rel}","templated":true}]}}