{"id":4972,"date":"2023-10-11T14:25:46","date_gmt":"2023-10-11T11:25:46","guid":{"rendered":"https:\/\/solara.ee\/meista\/"},"modified":"2026-03-11T11:03:38","modified_gmt":"2026-03-11T09:03:38","slug":"meista","status":"publish","type":"page","link":"https:\/\/solara.ee\/fi\/meista\/","title":{"rendered":"Meist\u00e4"},"content":{"rendered":"\n<div class=\"wp-block-greenshift-blocks-row gspb_row gspb_row-id-gsbp-38690ac1-c06f gspb_row--gutter-custom-0\" id=\"gspb_row-id-gsbp-38690ac1-c06f\"><div class=\"gspb_row__content\"> \n<div class=\"wp-block-greenshift-blocks-row-column gspb_row__col--6 gspb_row__col--md-12 gspb_col-id-gsbp-8696def0-c549\" id=\"gspb_col-id-gsbp-8696def0-c549\">\n<div class=\"wp-block-greenshift-blocks-image gspb_image gspb_image-id-gsbp-1139fbd0-002f\" id=\"gspb_image-id-gsbp-1139fbd0-002f\"><img decoding=\"async\" src=\"https:\/\/solara.ee\/wp-content\/uploads\/2024\/08\/EXPRESS-SELF-TAN-MOUSSE-ISEPRUUNISTAV-VAHT-e1723369707935.jpg\" data-src=\"\" alt=\"Express self tan mousse isepruunistav vaht\" loading=\"lazy\" width=\"100%\" height=\"1296\" \/><\/div>\n<\/div>\n\n\n\n<div class=\"wp-block-greenshift-blocks-row-column gspb_row__col--6 gspb_row__col--md-12 gspb_col-id-gsbp-d4f1b671-a1cf\" id=\"gspb_col-id-gsbp-d4f1b671-a1cf\">\n<h2 id=\"gspb_heading-id-gsbp-3832198a-8fd2\" class=\"gspb_heading gspb_heading-id-gsbp-3832198a-8fd2 \">Keit\u00e4 olemme ja mit\u00e4 teemme? <\/h2>\n\n\n\n<div id=\"gspb_text-id-gsbp-450210bd-4e7a\" class=\"gspb_text gspb_text-id-gsbp-450210bd-4e7a \">Solara Beauty O\u00dc on hollantilaisen kosmetiikkabr\u00e4ndin Helioux virallinen maahantuoja Virossa. Olemme ottaneet teht\u00e4v\u00e4ksemme tarjota laadukkaita ja turvallisia vaihtoehtoja auringossa ruskettelulle, sill\u00e4 liiallinen auringonoton on tiedetysti haitallista iholle, aiheuttaen ihovaurioita, ennenaikaista ik\u00e4\u00e4ntymist\u00e4 ja lis\u00e4ten ihosy\u00f6v\u00e4n riski\u00e4.<br\/><br\/><strong>Tavoitteenamme on tarjota asiakkaillemme ihanteellinen ratkaisu, joka mahdollistaa kauniin ja s\u00e4teilevan hehkun saavuttamisen ymp\u00e4ri vuoden, terveytt\u00e4 vaarantamatta.<\/strong><\/div>\n<\/div>\n <\/div><\/div>\n\n<section class=\"wp-block-greenshift-blocks-row alignfull gspb_row gspb_row-id-gsbp-2cd2453f-f09c\" id=\"gspb_row-id-gsbp-2cd2453f-f09c\"><div class=\"gspb_row__content\"> \n<div class=\"wp-block-greenshift-blocks-row-column gspb_row__col--12 gspb_col-id-gsbp-e4d36b87-359f\" id=\"gspb_col-id-gsbp-e4d36b87-359f\">\n<div class=\"wp-block-greenshift-blocks-row gspb_row gspb_row-id-gsbp-64ce2550-a57f gspb_row--gutter-custom-0\" id=\"gspb_row-id-gsbp-64ce2550-a57f\"><div class=\"gspb_row__content\"> \n<div class=\"wp-block-greenshift-blocks-row-column gspb_row__col--6 gspb_col-id-gsbp-8eef8b9d-c1ce\" id=\"gspb_col-id-gsbp-8eef8b9d-c1ce\">\n<h4 id=\"gspb_heading-id-gsbp-aefc0de9-e689\" class=\"gspb_heading gspb_heading-id-gsbp-aefc0de9-e689 \"><\/h4>\n\n\n\n<div id=\"gspb_text-id-gsbp-89731e40-f383\" class=\"gspb_text gspb_text-id-gsbp-89731e40-f383 \">Helioux on itseruskettavien ja ihonhoitotuotteiden br\u00e4ndi, jonka tuotteet on kehitetty terveen ja s\u00e4teilevan ihon saavuttamiseksi jokaisena vuodenaikana. Heid\u00e4n omistautumisensa eettiselle kauneudelle heijastuu vegaanisissa ja el\u00e4inkokeettomissa tuotteissa, jotka on valmistettu huolellisesti valituista luonnollisista ainesosista.<\/div>\n<\/div>\n\n\n\n<div class=\"wp-block-greenshift-blocks-row-column gspb_row__col--6 gspb_col-id-gsbp-5cded246-d2be\" id=\"gspb_col-id-gsbp-5cded246-d2be\">\n<h4 id=\"gspb_heading-id-gsbp-8113659a-d61a\" class=\"gspb_heading gspb_heading-id-gsbp-8113659a-d61a \"><\/h4>\n\n\n\n<div id=\"gspb_text-id-gsbp-5a50f27c-88f2\" class=\"gspb_text gspb_text-id-gsbp-5a50f27c-88f2 \">Tuomalla Helioux-tuotteet Viroon haluamme tarjota asiakkaillemme turvallisen ja tehokkaan vaihtoehdon, joka vastaa heid\u00e4n korkeita odotuksiaan ja arvojaan. Helioux-tuotteiden k\u00e4ytt\u00f6 takaa luonnollisen ja tasaisen rusketuksen, tukien samalla ihosi hyvinvointia ja s\u00e4ilytt\u00e4en sen nuorekkuuden.<\/div>\n<\/div>\n <\/div><\/div>\n\n\n\n<div class=\"wp-block-greenshift-blocks-container gspb_container gspb_container-gsbp-e518276b-edbd\" id=\"gspb_container-id-gsbp-e518276b-edbd\"><div class=\"gspb_backgroundOverlay\"><\/div>\n<h3 id=\"gspb_heading-id-gsbp-e892053f-7120\" class=\"gspb_heading gspb_heading-id-gsbp-e892053f-7120 \">Saavuta s\u00e4teilevan ruskettunut hehku, <br\/>antaen ihollesi sen ansaitsemaa luksusta!<\/h3>\n\n\n\n<div class=\"gspb_button_wrapper gspb_button-id-gsbp-44f2b9c4-81cf\" id=\"gspb_button-id-gsbp-44f2b9c4-81cf\"><a class=\"wp-block-greenshift-blocks-buttonbox gspb-buttonbox wp-element-button\" href=\"https:\/\/solara.ee\/fi\/kauppa\/\" rel=\"noopener\"><span class=\"gspb-buttonbox-textwrap\"><span class=\"gspb-buttonbox-text\"><span class=\"gspb-buttonbox-title\">Siirry ostoksille<\/span><\/span><\/span><\/a><\/div>\n<\/div>\n<\/div>\n <\/div><\/section>\n","protected":false},"excerpt":{"rendered":"","protected":false},"author":2,"featured_media":0,"parent":0,"menu_order":0,"comment_status":"closed","ping_status":"closed","template":"","meta":{"_seopress_robots_primary_cat":"","_seopress_titles_title":"","_seopress_titles_desc":"","_seopress_robots_index":"","_gspb_post_css":"#gspb_row-id-gsbp-38690ac1-c06f{justify-content:space-between;margin-top:0;display:flex;flex-wrap:wrap;align-content:center;margin-bottom:100px}#gspb_row-id-gsbp-38690ac1-c06f>.gspb_row__content{display:flex;justify-content:space-between;margin:0 auto;width:100%;flex-wrap:wrap}div[id^=gspb_col-id]{box-sizing:border-box;position:relative;padding:15px min(3vw,20px)}@media (max-width:991.98px){#gspb_row-id-gsbp-38690ac1-c06f>.gspb_row__content{row-gap:50px}}#gspb_row-id-gsbp-38690ac1-c06f>.gspb_row__content{align-items:center}body.gspb-bodyfront #gspb_row-id-gsbp-38690ac1-c06f>.gspb_row__content{width:var(--theme-container-width, 1200px);max-width:var(--theme-normal-container-max-width, 1200px)}@media (max-width:991.98px){#gspb_row-id-gsbp-38690ac1-c06f{margin-bottom:60px}}#gspb_col-id-gsbp-8696def0-c549.gspb_row__col--6{width:calc(50% - 40px)}@media (max-width:991.98px){#gspb_col-id-gsbp-8696def0-c549.gspb_row__col--6{width:100%}}@media (max-width:767.98px){#gspb_col-id-gsbp-8696def0-c549.gspb_row__col--6{width:calc(100% - 0px)}}@media (max-width:575.98px){#gspb_col-id-gsbp-8696def0-c549.gspb_row__col--6{width:100%}}@media (min-width:992px){body.gspb-bodyfront #gspb_col-id-gsbp-8696def0-c549.gspb_row__col--6{width:calc(52% - 0px - 40px)}}.gspb_row #gspb_col-id-gsbp-5cded246-d2be.gspb_row__col--6,.gspb_row #gspb_col-id-gsbp-8696def0-c549.gspb_row__col--6,.gspb_row #gspb_col-id-gsbp-8eef8b9d-c1ce.gspb_row__col--6,.gspb_row #gspb_col-id-gsbp-d4f1b671-a1cf.gspb_row__col--6,.gspb_row #gspb_col-id-gsbp-e4d36b87-359f.gspb_row__col--12{padding:0}@media (max-width:991.98px){#gspb_image-id-gsbp-1139fbd0-002f img{object-fit:cover}}#gspb_image-id-gsbp-1139fbd0-002f img{vertical-align:top;display:inline-block;box-sizing:border-box;max-width:100%;width:100%;height:auto}#gspb_image-id-gsbp-1139fbd0-002f{height:auto}@media (max-width:991.98px){#gspb_image-id-gsbp-1139fbd0-002f,#gspb_image-id-gsbp-1139fbd0-002f img{height:500px}}#gspb_col-id-gsbp-d4f1b671-a1cf.gspb_row__col--6{width:calc(50% - 40px)}@media (max-width:991.98px){#gspb_col-id-gsbp-d4f1b671-a1cf.gspb_row__col--6{width:100%}}@media (max-width:767.98px){#gspb_col-id-gsbp-d4f1b671-a1cf.gspb_row__col--6{width:calc(100% - 0px)}}@media (max-width:575.98px){#gspb_col-id-gsbp-d4f1b671-a1cf.gspb_row__col--6{width:100%}}@media (min-width:992px){body.gspb-bodyfront #gspb_col-id-gsbp-d4f1b671-a1cf.gspb_row__col--6{width:calc(48% - 0px - 40px)}}#gspb_heading-id-gsbp-3832198a-8fd2{font-size:clamp(30px,5vw,50px);line-height:1.5}@media (max-width:575.98px){#gspb_heading-id-gsbp-3832198a-8fd2,#gspb_heading-id-gsbp-3832198a-8fd2 .gsap-g-line{text-align:center!important}}#gspb_heading-id-gsbp-3832198a-8fd2{margin-top:0;margin-bottom:10px}@media (max-width:575.98px){.gspb_text-id-gsbp-450210bd-4e7a,.gspb_text-id-gsbp-450210bd-4e7a .gsap-g-line{text-align:center!important}}.gspb_text-id-gsbp-450210bd-4e7a{margin-bottom:50px!important}#gspb_row-id-gsbp-2cd2453f-f09c{justify-content:space-between;margin-top:0;margin-bottom:0;display:flex;flex-wrap:wrap;padding-top:100px;padding-bottom:100px}#gspb_row-id-gsbp-2cd2453f-f09c>.gspb_row__content{display:flex;justify-content:space-between;margin:0 auto;width:100%;flex-wrap:wrap}.gspb_row{position:relative}@media (max-width:991.98px){#gspb_row-id-gsbp-2cd2453f-f09c{padding-top:60px;padding-bottom:60px}}#gspb_row-id-gsbp-2cd2453f-f09c{background-color:var(--wp--preset--color--palette-color-6, var(--theme-palette-color-6, #F5F2EE))}#gspb_col-id-gsbp-e4d36b87-359f.gspb_row__col--12{width:100%}@media (max-width:575.98px){#gspb_col-id-gsbp-e4d36b87-359f.gspb_row__col--12{width:100%}}#gspb_row-id-gsbp-64ce2550-a57f{justify-content:space-between;margin-top:0;display:flex;flex-wrap:wrap;margin-bottom:100px}#gspb_row-id-gsbp-64ce2550-a57f>.gspb_row__content{display:flex;justify-content:space-between;margin:0 auto;width:100%;flex-wrap:wrap}@media (max-width:575.98px){#gspb_row-id-gsbp-64ce2550-a57f>.gspb_row__content{row-gap:30px}}body.gspb-bodyfront #gspb_row-id-gsbp-2cd2453f-f09c>.gspb_row__content,body.gspb-bodyfront #gspb_row-id-gsbp-64ce2550-a57f>.gspb_row__content{width:var(--theme-container-width, 1200px);max-width:var(--theme-normal-container-max-width, 1200px)}@media (max-width:991.98px){#gspb_row-id-gsbp-64ce2550-a57f{margin-bottom:60px}}#gspb_col-id-gsbp-8eef8b9d-c1ce.gspb_row__col--6{width:calc(50% - 50px)}@media (max-width:991.98px){#gspb_col-id-gsbp-8eef8b9d-c1ce.gspb_row__col--6{width:calc(50% - 15px)}}@media (max-width:767.98px){#gspb_col-id-gsbp-8eef8b9d-c1ce.gspb_row__col--6{width:calc(50% - 15px)}}@media (max-width:575.98px){#gspb_col-id-gsbp-8eef8b9d-c1ce.gspb_row__col--6{width:100%}}#gspb_heading-id-gsbp-aefc0de9-e689{font-size:clamp(20px,5vw,23px);line-height:1.5;text-align:left!important}#gspb_heading-id-gsbp-aefc0de9-e689 .gsap-g-line{text-align:left!important}@media (max-width:575.98px){#gspb_heading-id-gsbp-aefc0de9-e689,#gspb_heading-id-gsbp-aefc0de9-e689 .gsap-g-line{text-align:center!important}}#gspb_heading-id-gsbp-aefc0de9-e689{margin-top:0;margin-bottom:20px}@media (max-width:575.98px){.gspb_text-id-gsbp-89731e40-f383,.gspb_text-id-gsbp-89731e40-f383 .gsap-g-line{text-align:center!important}}#gspb_col-id-gsbp-5cded246-d2be.gspb_row__col--6{width:calc(50% - 50px)}@media (max-width:991.98px){#gspb_col-id-gsbp-5cded246-d2be.gspb_row__col--6{width:calc(50% - 15px)}}@media (max-width:767.98px){#gspb_col-id-gsbp-5cded246-d2be.gspb_row__col--6{width:calc(50% - 15px)}}@media (max-width:575.98px){#gspb_col-id-gsbp-5cded246-d2be.gspb_row__col--6{width:100%}}#gspb_heading-id-gsbp-8113659a-d61a{font-size:clamp(20px,5vw,23px);line-height:1.5;text-align:left!important}#gspb_heading-id-gsbp-8113659a-d61a .gsap-g-line{text-align:left!important}@media (max-width:575.98px){#gspb_heading-id-gsbp-8113659a-d61a,#gspb_heading-id-gsbp-8113659a-d61a .gsap-g-line{text-align:center!important}}#gspb_heading-id-gsbp-8113659a-d61a{margin-top:0;margin-bottom:20px}@media (max-width:575.98px){.gspb_text-id-gsbp-5a50f27c-88f2,.gspb_text-id-gsbp-5a50f27c-88f2 .gsap-g-line{text-align:center!important}}.gspb_container-id-gsbp-e518276b-edbd{flex-direction:column;box-sizing:border-box}#gspb_container-id-gsbp-e518276b-edbd.gspb_container>p:last-of-type{margin-bottom:0}.gspb_container{position:relative}#gspb_container-id-gsbp-e518276b-edbd.gspb_container{display:flex;flex-direction:column;align-items:center;padding:150px}@media (max-width:991.98px){#gspb_container-id-gsbp-e518276b-edbd.gspb_container{padding:100px 50px}}@media (max-width:575.98px){#gspb_container-id-gsbp-e518276b-edbd.gspb_container{padding:60px 35px}}#gspb_container-id-gsbp-e518276b-edbd.gspb_container{background-size:cover;background-repeat:no-repeat;background-position:48% 48%;background-image:url(https:\/\/solara.ee\/wp-content\/uploads\/2024\/08\/helioux-isepruunistavad-tooted.jpg);isolation:isolate}#gspb_container-id-gsbp-e518276b-edbd.gspb_container:hover{background-size:cover}#gspb_container-id-gsbp-e518276b-edbd.gspb_container>.gspb_backgroundOverlay{position:absolute;top:0;left:0;width:100%;height:100%;z-index:-1;opacity:.6;background-color:var(--wp--preset--color--palette-color-4, var(--theme-palette-color-4, #131517))}#gspb_heading-id-gsbp-e892053f-7120{font-size:clamp(25px,5vw,30px);line-height:1.5;text-align:center!important;color:var(--wp--preset--color--palette-color-8, var(--theme-palette-color-8, #ffffff));margin-top:0;margin-bottom:10px}#gspb_heading-id-gsbp-e892053f-7120 .gsap-g-line{text-align:center!important}#gspb_button-id-gsbp-44f2b9c4-81cf{display:flex;justify-content:flex-start}#gspb_button-id-gsbp-44f2b9c4-81cf .gspb-buttonbox-text{display:flex;flex-direction:column}#gspb_button-id-gsbp-44f2b9c4-81cf>.gspb-buttonbox{box-sizing:border-box;padding:8px 25px;background-color:#00000000;text-transform:uppercase;font-weight:600!important;border-style:solid;border-width:2px;border-color:var(--wp--preset--color--palette-color-1, var(--theme-palette-color-1, #B99579))}","footnotes":""},"class_list":["post-4972","page","type-page","status-publish"],"blocksy_meta":{"has_hero_section":"disabled","styles_descriptor":{"styles":{"desktop":"","tablet":"","mobile":""},"google_fonts":[],"version":6},"vertical_spacing_source":"custom","content_area_spacing":"top"},"_links":{"self":[{"href":"https:\/\/solara.ee\/fi\/wp-json\/wp\/v2\/pages\/4972","targetHints":{"allow":["GET"]}}],"collection":[{"href":"https:\/\/solara.ee\/fi\/wp-json\/wp\/v2\/pages"}],"about":[{"href":"https:\/\/solara.ee\/fi\/wp-json\/wp\/v2\/types\/page"}],"author":[{"embeddable":true,"href":"https:\/\/solara.ee\/fi\/wp-json\/wp\/v2\/users\/2"}],"replies":[{"embeddable":true,"href":"https:\/\/solara.ee\/fi\/wp-json\/wp\/v2\/comments?post=4972"}],"version-history":[{"count":0,"href":"https:\/\/solara.ee\/fi\/wp-json\/wp\/v2\/pages\/4972\/revisions"}],"wp:attachment":[{"href":"https:\/\/solara.ee\/fi\/wp-json\/wp\/v2\/media?parent=4972"}],"curies":[{"name":"wp","href":"https:\/\/api.w.org\/{rel}","templated":true}]}}